{"id":1655,"date":"2024-02-14T14:04:24","date_gmt":"2024-02-14T13:04:24","guid":{"rendered":"https:\/\/fitgymaltea.es\/?page_id=1655"},"modified":"2024-04-18T18:12:56","modified_gmt":"2024-04-18T16:12:56","slug":"cafeteria","status":"publish","type":"page","link":"https:\/\/entornopruebas123.es\/en\/cafeteria\/","title":{"rendered":"CAFETER\u00cdA"},"content":{"rendered":"<div data-elementor-type=\"wp-page\" data-elementor-id=\"1655\" class=\"elementor elementor-1655\">\n\t\t\t\t<div class=\"elementor-element elementor-element-4890d52 e-flex e-con-boxed e-con e-parent\" data-id=\"4890d52\" data-element_type=\"container\">\n\t\t\t\t\t<div class=\"e-con-inner\">\n\t\t\t\t<div class=\"elementor-element elementor-element-6065aea elementor-widget elementor-widget-heading\" data-id=\"6065aea\" data-element_type=\"widget\" data-widget_type=\"heading.default\">\n\t\t\t\t<div class=\"elementor-widget-container\">\n\t\t\t\t\t<h2 class=\"elementor-heading-title elementor-size-default\">CAFETER\u00cdA<\/h2>\t\t\t\t<\/div>\n\t\t\t\t<\/div>\n\t\t\t\t\t<\/div>\n\t\t\t\t<\/div>\n\t\t<div class=\"elementor-element elementor-element-21b72dd e-flex e-con-boxed e-con e-parent\" data-id=\"21b72dd\" data-element_type=\"container\">\n\t\t\t\t\t<div class=\"e-con-inner\">\n\t\t\t\t<div class=\"elementor-element elementor-element-5024b24 elementor-widget elementor-widget-image\" data-id=\"5024b24\" data-element_type=\"widget\" data-widget_type=\"image.default\">\n\t\t\t\t<div class=\"elementor-widget-container\">\n\t\t\t\t\t\t\t\t\t\t\t\t\t\t\t<img fetchpriority=\"high\" decoding=\"async\" width=\"2560\" height=\"1707\" src=\"https:\/\/entornopruebas123.es\/wp-content\/uploads\/2024\/03\/DSC_0864-scaled.jpg\" class=\"attachment-full size-full wp-image-1703\" alt=\"\" srcset=\"https:\/\/entornopruebas123.es\/wp-content\/uploads\/2024\/03\/DSC_0864-scaled.jpg 2560w, https:\/\/entornopruebas123.es\/wp-content\/uploads\/2024\/03\/DSC_0864-300x200.jpg 300w, https:\/\/entornopruebas123.es\/wp-content\/uploads\/2024\/03\/DSC_0864-1024x683.jpg 1024w, https:\/\/entornopruebas123.es\/wp-content\/uploads\/2024\/03\/DSC_0864-768x512.jpg 768w, https:\/\/entornopruebas123.es\/wp-content\/uploads\/2024\/03\/DSC_0864-1536x1024.jpg 1536w, https:\/\/entornopruebas123.es\/wp-content\/uploads\/2024\/03\/DSC_0864-2048x1365.jpg 2048w, https:\/\/entornopruebas123.es\/wp-content\/uploads\/2024\/03\/DSC_0864-18x12.jpg 18w\" sizes=\"(max-width: 2560px) 100vw, 2560px\" \/>\t\t\t\t\t\t\t\t\t\t\t\t\t\t\t<\/div>\n\t\t\t\t<\/div>\n\t\t\t\t\t<\/div>\n\t\t\t\t<\/div>\n\t\t<div class=\"elementor-element elementor-element-a10faa1 e-flex e-con-boxed e-con e-parent\" data-id=\"a10faa1\" data-element_type=\"container\">\n\t\t\t\t\t<div class=\"e-con-inner\">\n\t\t\t\t<div class=\"elementor-element elementor-element-4ce9661 elementor-widget elementor-widget-text-editor\" data-id=\"4ce9661\" data-element_type=\"widget\" data-widget_type=\"text-editor.default\">\n\t\t\t\t<div class=\"elementor-widget-container\">\n\t\t\t\t\t\t\t\t\t<p>Un lugar acogedor y con unas incre\u00edbles vistas para disfrutar del mejor caf\u00e9 y de los mejores desayunos, almuerzos o meriendas.&nbsp;<\/p>\n<p>Prueba nuestras tostadas de aguacate, salm\u00f3n, at\u00fan, jam\u00f3n, huevo y muchos ingredientes m\u00e1s a tu gusto.&nbsp;<\/p>\n<p>Si eres amante de la fruta fresca ven a probar nuestros smoothie de frutas, bowls con yogurt, frutas y cereales. Los mejores batidos de prote\u00edna, ideales para despu\u00e9s de tu entreno. Los rollito de pollo kebap y los s\u00e1ndwich mixto son ideales para una merienda. Y para los locos por el dulce, pero que quieren cuidarse, hacemos gofres de prote\u00edna, y tenemos mucha variedad en galletas y chocolatinas fit.<\/p>\n<p>Puedes venir aunque no seas socio del gym.<\/p>\t\t\t\t\t\t\t\t<\/div>\n\t\t\t\t<\/div>\n\t\t\t\t\t<\/div>\n\t\t\t\t<\/div>\n\t\t<div class=\"elementor-element elementor-element-ccae992 e-flex e-con-boxed e-con e-parent\" data-id=\"ccae992\" data-element_type=\"container\">\n\t\t\t\t\t<div class=\"e-con-inner\">\n\t\t<div class=\"elementor-element elementor-element-28df961 e-con-full e-flex e-con e-child\" data-id=\"28df961\" data-element_type=\"container\">\n\t\t\t\t<div class=\"elementor-element elementor-element-7666a34 elementor-widget elementor-widget-image\" data-id=\"7666a34\" data-element_type=\"widget\" data-widget_type=\"image.default\">\n\t\t\t\t<div class=\"elementor-widget-container\">\n\t\t\t\t\t\t\t\t\t\t\t\t\t\t\t<img decoding=\"async\" width=\"800\" height=\"534\" src=\"https:\/\/entornopruebas123.es\/wp-content\/uploads\/2024\/04\/DSC_0926-1024x683.jpg\" class=\"attachment-large size-large wp-image-1818\" alt=\"\" srcset=\"https:\/\/entornopruebas123.es\/wp-content\/uploads\/2024\/04\/DSC_0926-1024x683.jpg 1024w, https:\/\/entornopruebas123.es\/wp-content\/uploads\/2024\/04\/DSC_0926-300x200.jpg 300w, https:\/\/entornopruebas123.es\/wp-content\/uploads\/2024\/04\/DSC_0926-768x512.jpg 768w, https:\/\/entornopruebas123.es\/wp-content\/uploads\/2024\/04\/DSC_0926-1536x1024.jpg 1536w, https:\/\/entornopruebas123.es\/wp-content\/uploads\/2024\/04\/DSC_0926-2048x1365.jpg 2048w, https:\/\/entornopruebas123.es\/wp-content\/uploads\/2024\/04\/DSC_0926-18x12.jpg 18w\" sizes=\"(max-width: 800px) 100vw, 800px\" \/>\t\t\t\t\t\t\t\t\t\t\t\t\t\t\t<\/div>\n\t\t\t\t<\/div>\n\t\t\t\t<\/div>\n\t\t<div class=\"elementor-element elementor-element-339451a e-con-full e-flex e-con e-child\" data-id=\"339451a\" data-element_type=\"container\">\n\t\t\t\t<div class=\"elementor-element elementor-element-47360b8 elementor-widget elementor-widget-image\" data-id=\"47360b8\" data-element_type=\"widget\" data-widget_type=\"image.default\">\n\t\t\t\t<div class=\"elementor-widget-container\">\n\t\t\t\t\t\t\t\t\t\t\t\t\t\t\t<img decoding=\"async\" width=\"800\" height=\"534\" src=\"https:\/\/entornopruebas123.es\/wp-content\/uploads\/2024\/04\/DSC_0940-1024x683.jpg\" class=\"attachment-large size-large wp-image-1819\" alt=\"\" srcset=\"https:\/\/entornopruebas123.es\/wp-content\/uploads\/2024\/04\/DSC_0940-1024x683.jpg 1024w, https:\/\/entornopruebas123.es\/wp-content\/uploads\/2024\/04\/DSC_0940-300x200.jpg 300w, https:\/\/entornopruebas123.es\/wp-content\/uploads\/2024\/04\/DSC_0940-768x512.jpg 768w, https:\/\/entornopruebas123.es\/wp-content\/uploads\/2024\/04\/DSC_0940-1536x1024.jpg 1536w, https:\/\/entornopruebas123.es\/wp-content\/uploads\/2024\/04\/DSC_0940-2048x1365.jpg 2048w, https:\/\/entornopruebas123.es\/wp-content\/uploads\/2024\/04\/DSC_0940-18x12.jpg 18w\" sizes=\"(max-width: 800px) 100vw, 800px\" \/>\t\t\t\t\t\t\t\t\t\t\t\t\t\t\t<\/div>\n\t\t\t\t<\/div>\n\t\t\t\t<\/div>\n\t\t<div class=\"elementor-element elementor-element-3d37344 e-con-full e-flex e-con e-child\" data-id=\"3d37344\" data-element_type=\"container\">\n\t\t\t\t<div class=\"elementor-element elementor-element-2d16aaa elementor-widget elementor-widget-image\" data-id=\"2d16aaa\" data-element_type=\"widget\" data-widget_type=\"image.default\">\n\t\t\t\t<div class=\"elementor-widget-container\">\n\t\t\t\t\t\t\t\t\t\t\t\t\t\t\t<img loading=\"lazy\" decoding=\"async\" width=\"800\" height=\"534\" src=\"https:\/\/entornopruebas123.es\/wp-content\/uploads\/2024\/04\/DSC_0922-1024x683.jpg\" class=\"attachment-large size-large wp-image-1820\" alt=\"\" srcset=\"https:\/\/entornopruebas123.es\/wp-content\/uploads\/2024\/04\/DSC_0922-1024x683.jpg 1024w, https:\/\/entornopruebas123.es\/wp-content\/uploads\/2024\/04\/DSC_0922-300x200.jpg 300w, https:\/\/entornopruebas123.es\/wp-content\/uploads\/2024\/04\/DSC_0922-768x512.jpg 768w, https:\/\/entornopruebas123.es\/wp-content\/uploads\/2024\/04\/DSC_0922-1536x1024.jpg 1536w, https:\/\/entornopruebas123.es\/wp-content\/uploads\/2024\/04\/DSC_0922-2048x1365.jpg 2048w, https:\/\/entornopruebas123.es\/wp-content\/uploads\/2024\/04\/DSC_0922-18x12.jpg 18w\" sizes=\"(max-width: 800px) 100vw, 800px\" \/>\t\t\t\t\t\t\t\t\t\t\t\t\t\t\t<\/div>\n\t\t\t\t<\/div>\n\t\t\t\t<\/div>\n\t\t<div class=\"elementor-element elementor-element-d60779b e-con-full e-flex e-con e-child\" data-id=\"d60779b\" data-element_type=\"container\">\n\t\t\t\t<div class=\"elementor-element elementor-element-c2133b5 elementor-widget elementor-widget-image\" data-id=\"c2133b5\" data-element_type=\"widget\" data-widget_type=\"image.default\">\n\t\t\t\t<div class=\"elementor-widget-container\">\n\t\t\t\t\t\t\t\t\t\t\t\t\t\t\t<img loading=\"lazy\" decoding=\"async\" width=\"800\" height=\"534\" src=\"https:\/\/entornopruebas123.es\/wp-content\/uploads\/2024\/04\/DSC_0982-1024x683.jpg\" class=\"attachment-large size-large wp-image-1815\" alt=\"\" srcset=\"https:\/\/entornopruebas123.es\/wp-content\/uploads\/2024\/04\/DSC_0982-1024x683.jpg 1024w, https:\/\/entornopruebas123.es\/wp-content\/uploads\/2024\/04\/DSC_0982-300x200.jpg 300w, https:\/\/entornopruebas123.es\/wp-content\/uploads\/2024\/04\/DSC_0982-768x512.jpg 768w, https:\/\/entornopruebas123.es\/wp-content\/uploads\/2024\/04\/DSC_0982-1536x1024.jpg 1536w, https:\/\/entornopruebas123.es\/wp-content\/uploads\/2024\/04\/DSC_0982-2048x1365.jpg 2048w, https:\/\/entornopruebas123.es\/wp-content\/uploads\/2024\/04\/DSC_0982-18x12.jpg 18w\" sizes=\"(max-width: 800px) 100vw, 800px\" \/>\t\t\t\t\t\t\t\t\t\t\t\t\t\t\t<\/div>\n\t\t\t\t<\/div>\n\t\t\t\t<\/div>\n\t\t<div class=\"elementor-element elementor-element-f685e63 e-con-full e-flex e-con e-child\" data-id=\"f685e63\" data-element_type=\"container\">\n\t\t\t\t<div class=\"elementor-element elementor-element-158845c elementor-widget elementor-widget-image\" data-id=\"158845c\" data-element_type=\"widget\" data-widget_type=\"image.default\">\n\t\t\t\t<div class=\"elementor-widget-container\">\n\t\t\t\t\t\t\t\t\t\t\t\t\t\t\t<img loading=\"lazy\" decoding=\"async\" width=\"800\" height=\"534\" src=\"https:\/\/entornopruebas123.es\/wp-content\/uploads\/2024\/04\/DSC_0953-1024x683.jpg\" class=\"attachment-large size-large wp-image-1816\" alt=\"\" srcset=\"https:\/\/entornopruebas123.es\/wp-content\/uploads\/2024\/04\/DSC_0953-1024x683.jpg 1024w, https:\/\/entornopruebas123.es\/wp-content\/uploads\/2024\/04\/DSC_0953-300x200.jpg 300w, https:\/\/entornopruebas123.es\/wp-content\/uploads\/2024\/04\/DSC_0953-768x512.jpg 768w, https:\/\/entornopruebas123.es\/wp-content\/uploads\/2024\/04\/DSC_0953-1536x1024.jpg 1536w, https:\/\/entornopruebas123.es\/wp-content\/uploads\/2024\/04\/DSC_0953-2048x1365.jpg 2048w, https:\/\/entornopruebas123.es\/wp-content\/uploads\/2024\/04\/DSC_0953-18x12.jpg 18w\" sizes=\"(max-width: 800px) 100vw, 800px\" \/>\t\t\t\t\t\t\t\t\t\t\t\t\t\t\t<\/div>\n\t\t\t\t<\/div>\n\t\t\t\t<\/div>\n\t\t<div class=\"elementor-element elementor-element-d317cbe e-con-full e-flex e-con e-child\" data-id=\"d317cbe\" data-element_type=\"container\">\n\t\t\t\t<div class=\"elementor-element elementor-element-bd4bab2 elementor-widget elementor-widget-image\" data-id=\"bd4bab2\" data-element_type=\"widget\" data-widget_type=\"image.default\">\n\t\t\t\t<div class=\"elementor-widget-container\">\n\t\t\t\t\t\t\t\t\t\t\t\t\t\t\t<img loading=\"lazy\" decoding=\"async\" width=\"800\" height=\"534\" src=\"https:\/\/entornopruebas123.es\/wp-content\/uploads\/2024\/04\/DSC_0934-1024x683.jpg\" class=\"attachment-large size-large wp-image-1817\" alt=\"\" srcset=\"https:\/\/entornopruebas123.es\/wp-content\/uploads\/2024\/04\/DSC_0934-1024x683.jpg 1024w, https:\/\/entornopruebas123.es\/wp-content\/uploads\/2024\/04\/DSC_0934-300x200.jpg 300w, https:\/\/entornopruebas123.es\/wp-content\/uploads\/2024\/04\/DSC_0934-768x512.jpg 768w, https:\/\/entornopruebas123.es\/wp-content\/uploads\/2024\/04\/DSC_0934-1536x1024.jpg 1536w, https:\/\/entornopruebas123.es\/wp-content\/uploads\/2024\/04\/DSC_0934-2048x1365.jpg 2048w, https:\/\/entornopruebas123.es\/wp-content\/uploads\/2024\/04\/DSC_0934-18x12.jpg 18w\" sizes=\"(max-width: 800px) 100vw, 800px\" \/>\t\t\t\t\t\t\t\t\t\t\t\t\t\t\t<\/div>\n\t\t\t\t<\/div>\n\t\t\t\t<\/div>\n\t\t\t\t\t<\/div>\n\t\t\t\t<\/div>\n\t\t\t\t<\/div>","protected":false},"excerpt":{"rendered":"<p>CAFETER\u00cdA Un lugar acogedor y con unas incre\u00edbles vistas para disfrutar del mejor caf\u00e9 y de los mejores desayunos, almuerzos o meriendas.&nbsp; Prueba nuestras tostadas de aguacate, salm\u00f3n, at\u00fan, jam\u00f3n, huevo y muchos ingredientes m\u00e1s a tu gusto.&nbsp; Si eres amante de la fruta fresca ven a probar nuestros smoothie de frutas, bowls con yogurt, [&hellip;]<\/p>\n","protected":false},"author":1,"featured_media":0,"parent":0,"menu_order":0,"comment_status":"closed","ping_status":"closed","template":"","meta":{"_monsterinsights_skip_tracking":false,"_monsterinsights_sitenote_active":false,"_monsterinsights_sitenote_note":"","_monsterinsights_sitenote_category":0,"footnotes":""},"aioseo_notices":[],"_links":{"self":[{"href":"https:\/\/entornopruebas123.es\/en\/wp-json\/wp\/v2\/pages\/1655"}],"collection":[{"href":"https:\/\/entornopruebas123.es\/en\/wp-json\/wp\/v2\/pages"}],"about":[{"href":"https:\/\/entornopruebas123.es\/en\/wp-json\/wp\/v2\/types\/page"}],"author":[{"embeddable":true,"href":"https:\/\/entornopruebas123.es\/en\/wp-json\/wp\/v2\/users\/1"}],"replies":[{"embeddable":true,"href":"https:\/\/entornopruebas123.es\/en\/wp-json\/wp\/v2\/comments?post=1655"}],"version-history":[{"count":16,"href":"https:\/\/entornopruebas123.es\/en\/wp-json\/wp\/v2\/pages\/1655\/revisions"}],"predecessor-version":[{"id":2014,"href":"https:\/\/entornopruebas123.es\/en\/wp-json\/wp\/v2\/pages\/1655\/revisions\/2014"}],"wp:attachment":[{"href":"https:\/\/entornopruebas123.es\/en\/wp-json\/wp\/v2\/media?parent=1655"}],"curies":[{"name":"wp","href":"https:\/\/api.w.org\/{rel}","templated":true}]}}