{"id":447,"date":"2023-10-17T12:20:48","date_gmt":"2023-10-17T10:20:48","guid":{"rendered":"https:\/\/fitgymaltea.es\/?page_id=447"},"modified":"2024-04-17T16:23:23","modified_gmt":"2024-04-17T14:23:23","slug":"tratamientos","status":"publish","type":"page","link":"https:\/\/entornopruebas123.es\/en\/tratamientos\/","title":{"rendered":"TREATMENTS"},"content":{"rendered":"<div data-elementor-type=\"wp-page\" data-elementor-id=\"447\" class=\"elementor elementor-447\">\n\t\t\t\t<div class=\"elementor-element elementor-element-bdfb0c8 e-flex e-con-boxed e-con e-parent\" data-id=\"bdfb0c8\" data-element_type=\"container\">\n\t\t\t\t\t<div class=\"e-con-inner\">\n\t\t\t\t<div class=\"elementor-element elementor-element-fe4845b elementor-widget elementor-widget-heading\" data-id=\"fe4845b\" data-element_type=\"widget\" data-widget_type=\"heading.default\">\n\t\t\t\t<div class=\"elementor-widget-container\">\n\t\t\t\t\t<h2 class=\"elementor-heading-title elementor-size-default\">CHIROTRAIN TREATMENTS<\/h2>\t\t\t\t<\/div>\n\t\t\t\t<\/div>\n\t\t\t\t\t<\/div>\n\t\t\t\t<\/div>\n\t\t<div class=\"elementor-element elementor-element-f4dd99f e-flex e-con-boxed e-con e-parent\" data-id=\"f4dd99f\" data-element_type=\"container\">\n\t\t\t\t\t<div class=\"e-con-inner\">\n\t\t\t\t<div class=\"elementor-element elementor-element-2877669 elementor-widget elementor-widget-image\" data-id=\"2877669\" data-element_type=\"widget\" data-widget_type=\"image.default\">\n\t\t\t\t<div class=\"elementor-widget-container\">\n\t\t\t\t\t\t\t\t\t\t\t\t\t\t\t<img fetchpriority=\"high\" decoding=\"async\" width=\"800\" height=\"534\" src=\"https:\/\/entornopruebas123.es\/wp-content\/uploads\/2024\/04\/DSC_0355-1024x683.jpg\" class=\"attachment-large size-large wp-image-1904\" alt=\"\" srcset=\"https:\/\/entornopruebas123.es\/wp-content\/uploads\/2024\/04\/DSC_0355-1024x683.jpg 1024w, https:\/\/entornopruebas123.es\/wp-content\/uploads\/2024\/04\/DSC_0355-300x200.jpg 300w, https:\/\/entornopruebas123.es\/wp-content\/uploads\/2024\/04\/DSC_0355-768x512.jpg 768w, https:\/\/entornopruebas123.es\/wp-content\/uploads\/2024\/04\/DSC_0355-1536x1024.jpg 1536w, https:\/\/entornopruebas123.es\/wp-content\/uploads\/2024\/04\/DSC_0355-2048x1365.jpg 2048w, https:\/\/entornopruebas123.es\/wp-content\/uploads\/2024\/04\/DSC_0355-18x12.jpg 18w\" sizes=\"(max-width: 800px) 100vw, 800px\" \/>\t\t\t\t\t\t\t\t\t\t\t\t\t\t\t<\/div>\n\t\t\t\t<\/div>\n\t\t\t\t\t<\/div>\n\t\t\t\t<\/div>\n\t\t<div class=\"elementor-element elementor-element-7513844 e-flex e-con-boxed e-con e-parent\" data-id=\"7513844\" data-element_type=\"container\">\n\t\t\t\t\t<div class=\"e-con-inner\">\n\t\t<div class=\"elementor-element elementor-element-cbba4ca e-con-full e-flex e-con e-child\" data-id=\"cbba4ca\" data-element_type=\"container\">\n\t\t\t\t<div class=\"elementor-element elementor-element-02fbce8 elementor-widget elementor-widget-image\" data-id=\"02fbce8\" data-element_type=\"widget\" data-widget_type=\"image.default\">\n\t\t\t\t<div class=\"elementor-widget-container\">\n\t\t\t\t\t\t\t\t\t\t\t\t\t\t\t<img decoding=\"async\" width=\"768\" height=\"768\" src=\"https:\/\/entornopruebas123.es\/wp-content\/uploads\/2024\/04\/Image-23-768x768.jpeg\" class=\"attachment-medium_large size-medium_large wp-image-1965\" alt=\"\" srcset=\"https:\/\/entornopruebas123.es\/wp-content\/uploads\/2024\/04\/Image-23-768x768.jpeg 768w, https:\/\/entornopruebas123.es\/wp-content\/uploads\/2024\/04\/Image-23-300x300.jpeg 300w, https:\/\/entornopruebas123.es\/wp-content\/uploads\/2024\/04\/Image-23-1024x1024.jpeg 1024w, https:\/\/entornopruebas123.es\/wp-content\/uploads\/2024\/04\/Image-23-150x150.jpeg 150w, https:\/\/entornopruebas123.es\/wp-content\/uploads\/2024\/04\/Image-23-12x12.jpeg 12w, https:\/\/entornopruebas123.es\/wp-content\/uploads\/2024\/04\/Image-23.jpeg 1080w\" sizes=\"(max-width: 768px) 100vw, 768px\" \/>\t\t\t\t\t\t\t\t\t\t\t\t\t\t\t<\/div>\n\t\t\t\t<\/div>\n\t\t\t\t<div class=\"elementor-element elementor-element-eac5df1 elementor-widget elementor-widget-heading\" data-id=\"eac5df1\" data-element_type=\"widget\" data-widget_type=\"heading.default\">\n\t\t\t\t<div class=\"elementor-widget-container\">\n\t\t\t\t\t<h2 class=\"elementor-heading-title elementor-size-default\">MASAJE<br>RELAJANTE<\/h2>\t\t\t\t<\/div>\n\t\t\t\t<\/div>\n\t\t\t\t<div class=\"elementor-element elementor-element-4b3cc4c elementor-widget elementor-widget-text-editor\" data-id=\"4b3cc4c\" data-element_type=\"widget\" data-widget_type=\"text-editor.default\">\n\t\t\t\t<div class=\"elementor-widget-container\">\n\t\t\t\t\t\t\t\t\t<p>Experimenta el lujo del masaje relajante, una experiencia que <strong>libera estr\u00e9s y relaja cuerpo y mente<\/strong>.<\/p><p>Es un masaje que se realiza de la cabeza a los pies, de intensidad suave, con movimientos lentos y reiterativos, que se acompa\u00f1an del calor del aceite caliente que te sumergen un mundo de calma y paz<\/p>\t\t\t\t\t\t\t\t<\/div>\n\t\t\t\t<\/div>\n\t\t\t\t<\/div>\n\t\t<div class=\"elementor-element elementor-element-3a5034a e-con-full e-flex e-con e-child\" data-id=\"3a5034a\" data-element_type=\"container\">\n\t\t\t\t<div class=\"elementor-element elementor-element-404d138 elementor-widget elementor-widget-image\" data-id=\"404d138\" data-element_type=\"widget\" data-widget_type=\"image.default\">\n\t\t\t\t<div class=\"elementor-widget-container\">\n\t\t\t\t\t\t\t\t\t\t\t\t\t\t\t<img decoding=\"async\" width=\"720\" height=\"717\" src=\"https:\/\/entornopruebas123.es\/wp-content\/uploads\/2024\/04\/Image-25-e1713363784868.jpeg\" class=\"attachment-medium_large size-medium_large wp-image-1972\" alt=\"\" srcset=\"https:\/\/entornopruebas123.es\/wp-content\/uploads\/2024\/04\/Image-25-e1713363784868.jpeg 720w, https:\/\/entornopruebas123.es\/wp-content\/uploads\/2024\/04\/Image-25-e1713363784868-300x300.jpeg 300w, https:\/\/entornopruebas123.es\/wp-content\/uploads\/2024\/04\/Image-25-e1713363784868-150x150.jpeg 150w, https:\/\/entornopruebas123.es\/wp-content\/uploads\/2024\/04\/Image-25-e1713363784868-12x12.jpeg 12w\" sizes=\"(max-width: 720px) 100vw, 720px\" \/>\t\t\t\t\t\t\t\t\t\t\t\t\t\t\t<\/div>\n\t\t\t\t<\/div>\n\t\t\t\t<div class=\"elementor-element elementor-element-bd21d7d elementor-widget elementor-widget-heading\" data-id=\"bd21d7d\" data-element_type=\"widget\" data-widget_type=\"heading.default\">\n\t\t\t\t<div class=\"elementor-widget-container\">\n\t\t\t\t\t<h2 class=\"elementor-heading-title elementor-size-default\">MASAJE DE<br>DRENAJE LINF\u00c1TICO<\/h2>\t\t\t\t<\/div>\n\t\t\t\t<\/div>\n\t\t\t\t<div class=\"elementor-element elementor-element-6aebf46 elementor-widget elementor-widget-text-editor\" data-id=\"6aebf46\" data-element_type=\"widget\" data-widget_type=\"text-editor.default\">\n\t\t\t\t<div class=\"elementor-widget-container\">\n\t\t\t\t\t\t\t\t\t<p>El masaje de drenaje linf\u00e1tico es una t\u00e9cnica que se realiza con movimientos suaves y lentos para estimular el sistema linf\u00e1tico y as\u00ed, <strong>eliminar toxinas, retenci\u00f3n de l\u00edquidos y mejora la visibilidad de la piel<\/strong>.<\/p><p>Indicado para edemas, retenci\u00f3n de l\u00edquidos, celulitis, acn\u00e9, tras operaciones quir\u00fargicas y embarazadas.<\/p>\t\t\t\t\t\t\t\t<\/div>\n\t\t\t\t<\/div>\n\t\t\t\t<\/div>\n\t\t<div class=\"elementor-element elementor-element-a594e23 e-con-full e-flex e-con e-child\" data-id=\"a594e23\" data-element_type=\"container\">\n\t\t\t\t<div class=\"elementor-element elementor-element-7f5919e elementor-widget elementor-widget-image\" data-id=\"7f5919e\" data-element_type=\"widget\" data-widget_type=\"image.default\">\n\t\t\t\t<div class=\"elementor-widget-container\">\n\t\t\t\t\t\t\t\t\t\t\t\t\t\t\t<img loading=\"lazy\" decoding=\"async\" width=\"768\" height=\"768\" src=\"https:\/\/entornopruebas123.es\/wp-content\/uploads\/2024\/04\/Image-24-768x768.jpeg\" class=\"attachment-medium_large size-medium_large wp-image-1967\" alt=\"\" srcset=\"https:\/\/entornopruebas123.es\/wp-content\/uploads\/2024\/04\/Image-24-768x768.jpeg 768w, https:\/\/entornopruebas123.es\/wp-content\/uploads\/2024\/04\/Image-24-300x300.jpeg 300w, https:\/\/entornopruebas123.es\/wp-content\/uploads\/2024\/04\/Image-24-1024x1024.jpeg 1024w, https:\/\/entornopruebas123.es\/wp-content\/uploads\/2024\/04\/Image-24-150x150.jpeg 150w, https:\/\/entornopruebas123.es\/wp-content\/uploads\/2024\/04\/Image-24-12x12.jpeg 12w, https:\/\/entornopruebas123.es\/wp-content\/uploads\/2024\/04\/Image-24.jpeg 1080w\" sizes=\"(max-width: 768px) 100vw, 768px\" \/>\t\t\t\t\t\t\t\t\t\t\t\t\t\t\t<\/div>\n\t\t\t\t<\/div>\n\t\t\t\t<div class=\"elementor-element elementor-element-3e0a4ad elementor-widget elementor-widget-heading\" data-id=\"3e0a4ad\" data-element_type=\"widget\" data-widget_type=\"heading.default\">\n\t\t\t\t<div class=\"elementor-widget-container\">\n\t\t\t\t\t<h2 class=\"elementor-heading-title elementor-size-default\">MASAJE DESCONTRACTURANTE<\/h2>\t\t\t\t<\/div>\n\t\t\t\t<\/div>\n\t\t\t\t<div class=\"elementor-element elementor-element-8b75e05 elementor-widget elementor-widget-text-editor\" data-id=\"8b75e05\" data-element_type=\"widget\" data-widget_type=\"text-editor.default\">\n\t\t\t\t<div class=\"elementor-widget-container\">\n\t\t\t\t\t\t\t\t\t<p>Descubre el poder del masaje descontracturante, dise\u00f1ado para <strong>liberar nudos musculares y aliviar tensi\u00f3n y dolores<\/strong>.<\/p><p>Consiste en emplear maniobras de masaje profundas e intensas dirigidas a la zonas de dolor, busca eliminar contracturas,<br \/>tensiones y puntos gatillo ayudando a recuperar la funci\u00f3n normal del m\u00fasculo.<\/p>\t\t\t\t\t\t\t\t<\/div>\n\t\t\t\t<\/div>\n\t\t\t\t<\/div>\n\t\t\t\t\t<\/div>\n\t\t\t\t<\/div>\n\t\t<div class=\"elementor-element elementor-element-ed81b7e e-flex e-con-boxed e-con e-parent\" data-id=\"ed81b7e\" data-element_type=\"container\">\n\t\t\t\t\t<div class=\"e-con-inner\">\n\t\t<div class=\"elementor-element elementor-element-20073b4 e-con-full e-flex e-con e-child\" data-id=\"20073b4\" data-element_type=\"container\">\n\t\t\t\t<div class=\"elementor-element elementor-element-b872c6c elementor-widget elementor-widget-image\" data-id=\"b872c6c\" data-element_type=\"widget\" data-widget_type=\"image.default\">\n\t\t\t\t<div class=\"elementor-widget-container\">\n\t\t\t\t\t\t\t\t\t\t\t\t\t\t\t<img loading=\"lazy\" decoding=\"async\" width=\"800\" height=\"534\" src=\"https:\/\/entornopruebas123.es\/wp-content\/uploads\/2024\/04\/DSC_0372-1024x683.jpg\" class=\"attachment-large size-large wp-image-1897\" alt=\"\" srcset=\"https:\/\/entornopruebas123.es\/wp-content\/uploads\/2024\/04\/DSC_0372-1024x683.jpg 1024w, https:\/\/entornopruebas123.es\/wp-content\/uploads\/2024\/04\/DSC_0372-300x200.jpg 300w, https:\/\/entornopruebas123.es\/wp-content\/uploads\/2024\/04\/DSC_0372-768x512.jpg 768w, https:\/\/entornopruebas123.es\/wp-content\/uploads\/2024\/04\/DSC_0372-1536x1024.jpg 1536w, https:\/\/entornopruebas123.es\/wp-content\/uploads\/2024\/04\/DSC_0372-2048x1365.jpg 2048w, https:\/\/entornopruebas123.es\/wp-content\/uploads\/2024\/04\/DSC_0372-18x12.jpg 18w\" sizes=\"(max-width: 800px) 100vw, 800px\" \/>\t\t\t\t\t\t\t\t\t\t\t\t\t\t\t<\/div>\n\t\t\t\t<\/div>\n\t\t\t\t<div class=\"elementor-element elementor-element-b48eb4d elementor-widget elementor-widget-heading\" data-id=\"b48eb4d\" data-element_type=\"widget\" data-widget_type=\"heading.default\">\n\t\t\t\t<div class=\"elementor-widget-container\">\n\t\t\t\t\t<h2 class=\"elementor-heading-title elementor-size-default\">OSTEOPAT\u00cdA<\/h2>\t\t\t\t<\/div>\n\t\t\t\t<\/div>\n\t\t\t\t<div class=\"elementor-element elementor-element-18501a4 elementor-widget elementor-widget-text-editor\" data-id=\"18501a4\" data-element_type=\"widget\" data-widget_type=\"text-editor.default\">\n\t\t\t\t<div class=\"elementor-widget-container\">\n\t\t\t\t\t\t\t\t\t<p>Terapia hol\u00edstica que emplea la manipulaci\u00f3n f\u00edsica para <strong>aumentar la movilidad de las articulaciones, aliviar la tensi\u00f3n muscular y mejorar el suministro de sangre<\/strong> a los tejidos.<\/p><p>El objetivo del tratamiento es mejorar la salud general de todos los sistemas del cuerpo mediante la manipulaci\u00f3n y el fortalecimiento de la estructura musculoesquel\u00e9tica.<\/p>\t\t\t\t\t\t\t\t<\/div>\n\t\t\t\t<\/div>\n\t\t\t\t<\/div>\n\t\t<div class=\"elementor-element elementor-element-a64014d e-con-full e-flex e-con e-child\" data-id=\"a64014d\" data-element_type=\"container\">\n\t\t\t\t<div class=\"elementor-element elementor-element-93f5fad elementor-widget elementor-widget-image\" data-id=\"93f5fad\" data-element_type=\"widget\" data-widget_type=\"image.default\">\n\t\t\t\t<div class=\"elementor-widget-container\">\n\t\t\t\t\t\t\t\t\t\t\t\t\t\t\t<img loading=\"lazy\" decoding=\"async\" width=\"800\" height=\"534\" src=\"https:\/\/entornopruebas123.es\/wp-content\/uploads\/2024\/04\/DSC_0379-1024x683.jpg\" class=\"attachment-large size-large wp-image-1898\" alt=\"\" srcset=\"https:\/\/entornopruebas123.es\/wp-content\/uploads\/2024\/04\/DSC_0379-1024x683.jpg 1024w, https:\/\/entornopruebas123.es\/wp-content\/uploads\/2024\/04\/DSC_0379-300x200.jpg 300w, https:\/\/entornopruebas123.es\/wp-content\/uploads\/2024\/04\/DSC_0379-768x512.jpg 768w, https:\/\/entornopruebas123.es\/wp-content\/uploads\/2024\/04\/DSC_0379-1536x1024.jpg 1536w, https:\/\/entornopruebas123.es\/wp-content\/uploads\/2024\/04\/DSC_0379-2048x1365.jpg 2048w, https:\/\/entornopruebas123.es\/wp-content\/uploads\/2024\/04\/DSC_0379-18x12.jpg 18w\" sizes=\"(max-width: 800px) 100vw, 800px\" \/>\t\t\t\t\t\t\t\t\t\t\t\t\t\t\t<\/div>\n\t\t\t\t<\/div>\n\t\t\t\t<div class=\"elementor-element elementor-element-428f67c elementor-widget elementor-widget-heading\" data-id=\"428f67c\" data-element_type=\"widget\" data-widget_type=\"heading.default\">\n\t\t\t\t<div class=\"elementor-widget-container\">\n\t\t\t\t\t<h2 class=\"elementor-heading-title elementor-size-default\">ACUPUNTURA<\/h2>\t\t\t\t<\/div>\n\t\t\t\t<\/div>\n\t\t\t\t<div class=\"elementor-element elementor-element-66c4dbe elementor-widget elementor-widget-text-editor\" data-id=\"66c4dbe\" data-element_type=\"widget\" data-widget_type=\"text-editor.default\">\n\t\t\t\t<div class=\"elementor-widget-container\">\n\t\t\t\t\t\t\t\t\t<p>La acupuntura es una antigua t\u00e9cnica de medicina china que utiliza agujas para equilibrar el flujo de energ\u00eda o fuerza vital, conocida como \u00abchi\u00bb o \u00abqi\u00bb, que fluye a trav\u00e9s de los meridianos del cuerpo.<\/p><p>Al insertar agujas en puntos espec\u00edficos en estos meridianos, el flujo de energ\u00eda se reequilibra. Ayuda a <strong>aliviar dolor, reduce el estr\u00e9s y mejora la salud<\/strong>.<\/p><p>\u00a0<\/p>\t\t\t\t\t\t\t\t<\/div>\n\t\t\t\t<\/div>\n\t\t\t\t<\/div>\n\t\t\t\t\t<\/div>\n\t\t\t\t<\/div>\n\t\t<div class=\"elementor-element elementor-element-a83f286 e-flex e-con-boxed e-con e-parent\" data-id=\"a83f286\" data-element_type=\"container\">\n\t\t\t\t\t<div class=\"e-con-inner\">\n\t\t<div class=\"elementor-element elementor-element-6911de2 e-flex e-con-boxed e-con e-child\" data-id=\"6911de2\" data-element_type=\"container\">\n\t\t\t\t\t<div class=\"e-con-inner\">\n\t\t\t\t<div class=\"elementor-element elementor-element-9602689 elementor-widget elementor-widget-image\" data-id=\"9602689\" data-element_type=\"widget\" data-widget_type=\"image.default\">\n\t\t\t\t<div class=\"elementor-widget-container\">\n\t\t\t\t\t\t\t\t\t\t\t\t\t\t\t<img decoding=\"async\" src=\"https:\/\/entornopruebas123.es\/wp-content\/uploads\/elementor\/thumbs\/DisenTHo-sin-tiitulo-rl2v73kp1unevgt6mbdwmpmzxtrkkc8q6m4iu95m2o.png\" title=\"Disen\u00deo sin ti\u00ectulo\" alt=\"Disen\u00deo sin ti\u00ectulo\" loading=\"lazy\" \/>\t\t\t\t\t\t\t\t\t\t\t\t\t\t\t<\/div>\n\t\t\t\t<\/div>\n\t\t\t\t<div class=\"elementor-element elementor-element-065c23c elementor-widget elementor-widget-heading\" data-id=\"065c23c\" data-element_type=\"widget\" data-widget_type=\"heading.default\">\n\t\t\t\t<div class=\"elementor-widget-container\">\n\t\t\t\t\t<h2 class=\"elementor-heading-title elementor-size-default\">KINESIOLOG\u00cdA<\/h2>\t\t\t\t<\/div>\n\t\t\t\t<\/div>\n\t\t\t\t<div class=\"elementor-element elementor-element-9306ec4 elementor-widget elementor-widget-text-editor\" data-id=\"9306ec4\" data-element_type=\"widget\" data-widget_type=\"text-editor.default\">\n\t\t\t\t<div class=\"elementor-widget-container\">\n\t\t\t\t\t\t\t\t\t<p>La kinesiolog\u00eda es una disciplina terap\u00e9utica hol\u00edstica basada en interconexi\u00f3n existente entre cuerpo y mente que utiliza el test muscular como sistema de biofeedback para obtener la informaci\u00f3n almacenada en el cuerpo de manera inconsciente. Asi se determina el tratamiento a realizar, para <strong>ayudar al organismo a restaurar la armon\u00eda f\u00edsica y mental<\/strong>.<\/p>\t\t\t\t\t\t\t\t<\/div>\n\t\t\t\t<\/div>\n\t\t\t\t\t<\/div>\n\t\t\t\t<\/div>\n\t\t\t\t\t<\/div>\n\t\t\t\t<\/div>\n\t\t\t\t<\/div>","protected":false},"excerpt":{"rendered":"<p>TRATAMIENTOS QUIROENTRENA MASAJERELAJANTE Experimenta el lujo del masaje relajante, una experiencia que libera estr\u00e9s y relaja cuerpo y mente. Es un masaje que se realiza de la cabeza a los pies, de intensidad suave, con movimientos lentos y reiterativos, que se acompa\u00f1an del calor del aceite caliente que te sumergen un mundo de calma y [&hellip;]<\/p>\n","protected":false},"author":1,"featured_media":0,"parent":0,"menu_order":0,"comment_status":"closed","ping_status":"closed","template":"","meta":{"_monsterinsights_skip_tracking":false,"_monsterinsights_sitenote_active":false,"_monsterinsights_sitenote_note":"","_monsterinsights_sitenote_category":0,"footnotes":""},"aioseo_notices":[],"_links":{"self":[{"href":"https:\/\/entornopruebas123.es\/en\/wp-json\/wp\/v2\/pages\/447"}],"collection":[{"href":"https:\/\/entornopruebas123.es\/en\/wp-json\/wp\/v2\/pages"}],"about":[{"href":"https:\/\/entornopruebas123.es\/en\/wp-json\/wp\/v2\/types\/page"}],"author":[{"embeddable":true,"href":"https:\/\/entornopruebas123.es\/en\/wp-json\/wp\/v2\/users\/1"}],"replies":[{"embeddable":true,"href":"https:\/\/entornopruebas123.es\/en\/wp-json\/wp\/v2\/comments?post=447"}],"version-history":[{"count":30,"href":"https:\/\/entornopruebas123.es\/en\/wp-json\/wp\/v2\/pages\/447\/revisions"}],"predecessor-version":[{"id":1975,"href":"https:\/\/entornopruebas123.es\/en\/wp-json\/wp\/v2\/pages\/447\/revisions\/1975"}],"wp:attachment":[{"href":"https:\/\/entornopruebas123.es\/en\/wp-json\/wp\/v2\/media?parent=447"}],"curies":[{"name":"wp","href":"https:\/\/api.w.org\/{rel}","templated":true}]}}