{"id":451,"date":"2023-10-17T12:21:38","date_gmt":"2023-10-17T10:21:38","guid":{"rendered":"https:\/\/fitgymaltea.es\/?page_id=451"},"modified":"2024-04-18T10:35:35","modified_gmt":"2024-04-18T08:35:35","slug":"terapias","status":"publish","type":"page","link":"https:\/\/entornopruebas123.es\/en\/terapias\/","title":{"rendered":"THERAPIES"},"content":{"rendered":"<div data-elementor-type=\"wp-page\" data-elementor-id=\"451\" class=\"elementor elementor-451\">\n\t\t\t\t<div class=\"elementor-element elementor-element-4bd6c2d e-flex e-con-boxed e-con e-parent\" data-id=\"4bd6c2d\" data-element_type=\"container\">\n\t\t\t\t\t<div class=\"e-con-inner\">\n\t\t\t\t<div class=\"elementor-element elementor-element-7efced2 elementor-widget elementor-widget-heading\" data-id=\"7efced2\" data-element_type=\"widget\" data-widget_type=\"heading.default\">\n\t\t\t\t<div class=\"elementor-widget-container\">\n\t\t\t\t\t<h2 class=\"elementor-heading-title elementor-size-default\">THERAPIES<\/h2>\t\t\t\t<\/div>\n\t\t\t\t<\/div>\n\t\t\t\t\t<\/div>\n\t\t\t\t<\/div>\n\t\t<div class=\"elementor-element elementor-element-6d5c11a e-flex e-con-boxed e-con e-parent\" data-id=\"6d5c11a\" data-element_type=\"container\">\n\t\t\t\t\t<div class=\"e-con-inner\">\n\t\t\t\t<div class=\"elementor-element elementor-element-24c4941 elementor-widget elementor-widget-image\" data-id=\"24c4941\" data-element_type=\"widget\" data-widget_type=\"image.default\">\n\t\t\t\t<div class=\"elementor-widget-container\">\n\t\t\t\t\t\t\t\t\t\t\t\t\t\t\t<img fetchpriority=\"high\" decoding=\"async\" width=\"800\" height=\"800\" src=\"https:\/\/entornopruebas123.es\/wp-content\/uploads\/2024\/04\/DisenTHo-sin-tiitulo-33-1024x1024.png\" class=\"attachment-large size-large wp-image-1995\" alt=\"\" srcset=\"https:\/\/entornopruebas123.es\/wp-content\/uploads\/2024\/04\/DisenTHo-sin-tiitulo-33-1024x1024.png 1024w, https:\/\/entornopruebas123.es\/wp-content\/uploads\/2024\/04\/DisenTHo-sin-tiitulo-33-300x300.png 300w, https:\/\/entornopruebas123.es\/wp-content\/uploads\/2024\/04\/DisenTHo-sin-tiitulo-33-150x150.png 150w, https:\/\/entornopruebas123.es\/wp-content\/uploads\/2024\/04\/DisenTHo-sin-tiitulo-33-768x768.png 768w, https:\/\/entornopruebas123.es\/wp-content\/uploads\/2024\/04\/DisenTHo-sin-tiitulo-33-12x12.png 12w, https:\/\/entornopruebas123.es\/wp-content\/uploads\/2024\/04\/DisenTHo-sin-tiitulo-33.png 1080w\" sizes=\"(max-width: 800px) 100vw, 800px\" \/>\t\t\t\t\t\t\t\t\t\t\t\t\t\t\t<\/div>\n\t\t\t\t<\/div>\n\t\t\t\t\t<\/div>\n\t\t\t\t<\/div>\n\t\t<div class=\"elementor-element elementor-element-d8c1997 e-flex e-con-boxed e-con e-parent\" data-id=\"d8c1997\" data-element_type=\"container\">\n\t\t\t\t\t<div class=\"e-con-inner\">\n\t\t<div class=\"elementor-element elementor-element-337a3b9 e-con-full e-flex e-con e-child\" data-id=\"337a3b9\" data-element_type=\"container\">\n\t\t\t\t<div class=\"elementor-element elementor-element-a522f63 elementor-widget elementor-widget-image\" data-id=\"a522f63\" data-element_type=\"widget\" data-widget_type=\"image.default\">\n\t\t\t\t<div class=\"elementor-widget-container\">\n\t\t\t\t\t\t\t\t\t\t\t\t\t\t\t<img decoding=\"async\" src=\"https:\/\/entornopruebas123.es\/wp-content\/uploads\/elementor\/thumbs\/Image-18-rl2v73kp1un4n651ga1od5pzqwjgxe94vvdltrw4xs.jpeg\" title=\"Image (18)\" alt=\"Image (18)\" loading=\"lazy\" \/>\t\t\t\t\t\t\t\t\t\t\t\t\t\t\t<\/div>\n\t\t\t\t<\/div>\n\t\t\t\t<\/div>\n\t\t<div class=\"elementor-element elementor-element-e28d861 e-con-full e-flex e-con e-child\" data-id=\"e28d861\" data-element_type=\"container\">\n\t\t\t\t<div class=\"elementor-element elementor-element-686e392 elementor-widget elementor-widget-heading\" data-id=\"686e392\" data-element_type=\"widget\" data-widget_type=\"heading.default\">\n\t\t\t\t<div class=\"elementor-widget-container\">\n\t\t\t\t\t<h2 class=\"elementor-heading-title elementor-size-default\">TERAPIA HOL\u00cdSTICA<\/h2>\t\t\t\t<\/div>\n\t\t\t\t<\/div>\n\t\t\t\t<div class=\"elementor-element elementor-element-6b7dd0c elementor-widget elementor-widget-text-editor\" data-id=\"6b7dd0c\" data-element_type=\"widget\" data-widget_type=\"text-editor.default\">\n\t\t\t\t<div class=\"elementor-widget-container\">\n\t\t\t\t\t\t\t\t\t<p>En estas terapias buscaremos la causa del malestar, haremos un trabajo de autoconocimiento e indagaremos hasta llegar al motivo que desencadena el problema. Desde el psicoan\u00e1lisis y una revisi\u00f3n de las heridas de la infancia, hasta herramientas m\u00e1s esot\u00e9ricas como el tarot, registros ak\u00e1shicos, t\u00e9cnicas de meditaci\u00f3n y autocontrol, Reiki, p\u00e9ndulo hebreo, etc. Todo con un fin terap\u00e9utico para abordar el problema del cliente.<\/p>\t\t\t\t\t\t\t\t<\/div>\n\t\t\t\t<\/div>\n\t\t\t\t<\/div>\n\t\t\t\t\t<\/div>\n\t\t\t\t<\/div>\n\t\t<div class=\"elementor-element elementor-element-6caa877 e-flex e-con-boxed e-con e-parent\" data-id=\"6caa877\" data-element_type=\"container\">\n\t\t\t\t\t<div class=\"e-con-inner\">\n\t\t<div class=\"elementor-element elementor-element-c1a7cde e-con-full e-flex e-con e-child\" data-id=\"c1a7cde\" data-element_type=\"container\">\n\t\t\t\t<div class=\"elementor-element elementor-element-c40ceba elementor-widget elementor-widget-heading\" data-id=\"c40ceba\" data-element_type=\"widget\" data-widget_type=\"heading.default\">\n\t\t\t\t<div class=\"elementor-widget-container\">\n\t\t\t\t\t<h2 class=\"elementor-heading-title elementor-size-default\">TERAPIA REGRESIVA<\/h2>\t\t\t\t<\/div>\n\t\t\t\t<\/div>\n\t\t\t\t<div class=\"elementor-element elementor-element-3c2ab56 elementor-widget elementor-widget-text-editor\" data-id=\"3c2ab56\" data-element_type=\"widget\" data-widget_type=\"text-editor.default\">\n\t\t\t\t<div class=\"elementor-widget-container\">\n\t\t\t\t\t\t\t\t\t<div>Terapia de acompa\u00f1amiento que busca traer a la consciencia toda la carga emocional sin resolver ,contenida en el alma y que desde el inconsciente est\u00e1 perturbando el presente.<\/div><p>Terapia del alma, desde donde se pueden resolver dolencias de origen desconocido o psicosom\u00e1tico. Se liberan emociones bloqueadas que impiden vivir con fluidez, miedos y fobias, reacciones autom\u00e1ticas frente a ciertos est\u00edmulos sin saber el origen. Tambi\u00e9n libera situaciones que se repiten constantemente y el origen emocional de enfermedades f\u00edsicas o psicosom\u00e1ticas.<\/p>\t\t\t\t\t\t\t\t<\/div>\n\t\t\t\t<\/div>\n\t\t\t\t<\/div>\n\t\t<div class=\"elementor-element elementor-element-72ebc7b e-con-full e-flex e-con e-child\" data-id=\"72ebc7b\" data-element_type=\"container\">\n\t\t\t\t<div class=\"elementor-element elementor-element-b473ae7 elementor-widget elementor-widget-image\" data-id=\"b473ae7\" data-element_type=\"widget\" data-widget_type=\"image.default\">\n\t\t\t\t<div class=\"elementor-widget-container\">\n\t\t\t\t\t\t\t\t\t\t\t\t\t\t\t<img decoding=\"async\" src=\"https:\/\/entornopruebas123.es\/wp-content\/uploads\/elementor\/thumbs\/Image-17-rl2v74ij8ooeys3oasgaxnhgcaeu53cv8013b1uqrk.jpeg\" title=\"Image (17)\" alt=\"Image (17)\" loading=\"lazy\" \/>\t\t\t\t\t\t\t\t\t\t\t\t\t\t\t<\/div>\n\t\t\t\t<\/div>\n\t\t\t\t<\/div>\n\t\t\t\t\t<\/div>\n\t\t\t\t<\/div>\n\t\t<div class=\"elementor-element elementor-element-79a9573 e-flex e-con-boxed e-con e-parent\" data-id=\"79a9573\" data-element_type=\"container\">\n\t\t\t\t\t<div class=\"e-con-inner\">\n\t\t<div class=\"elementor-element elementor-element-23ef7e7 e-con-full e-flex e-con e-child\" data-id=\"23ef7e7\" data-element_type=\"container\">\n\t\t\t\t<div class=\"elementor-element elementor-element-31e826d elementor-widget elementor-widget-image\" data-id=\"31e826d\" data-element_type=\"widget\" data-widget_type=\"image.default\">\n\t\t\t\t<div class=\"elementor-widget-container\">\n\t\t\t\t\t\t\t\t\t\t\t\t\t\t\t<img decoding=\"async\" src=\"https:\/\/entornopruebas123.es\/wp-content\/uploads\/elementor\/thumbs\/Image-3-2-rl2v74ij8ooeys3oasgaxnhgcaeu53cv8013b1uqrk.jpeg\" title=\"Image (3)\" alt=\"Image (3)\" loading=\"lazy\" \/>\t\t\t\t\t\t\t\t\t\t\t\t\t\t\t<\/div>\n\t\t\t\t<\/div>\n\t\t\t\t<\/div>\n\t\t<div class=\"elementor-element elementor-element-63f8fce e-con-full e-flex e-con e-child\" data-id=\"63f8fce\" data-element_type=\"container\">\n\t\t\t\t<div class=\"elementor-element elementor-element-77d2aa4 elementor-widget elementor-widget-heading\" data-id=\"77d2aa4\" data-element_type=\"widget\" data-widget_type=\"heading.default\">\n\t\t\t\t<div class=\"elementor-widget-container\">\n\t\t\t\t\t<h2 class=\"elementor-heading-title elementor-size-default\">BIOMAGNETISMO<\/h2>\t\t\t\t<\/div>\n\t\t\t\t<\/div>\n\t\t\t\t<div class=\"elementor-element elementor-element-e39e55e elementor-widget elementor-widget-text-editor\" data-id=\"e39e55e\" data-element_type=\"widget\" data-widget_type=\"text-editor.default\">\n\t\t\t\t<div class=\"elementor-widget-container\">\n\t\t\t\t\t\t\t\t\t<p>Es un sistema terap\u00e9uticos detecta, por medio de un test Kinesiol\u00f3gico, los desequilibrios:<\/p><p>&#8211; F\u00edsicos \/Bacterias, virus, hongos y par\u00e1sitos<\/p><p>&#8211; Emocionales \/ Elimina emociones atrapadas<\/p><p>&#8211; Energ\u00e9ticos \/ Meridianos y elementos : madera, fuego, tierra, metal y agua<\/p><p>&#8211; Espirituales \/ Chakras<\/p><p>Se utilizan imanes de alta potencia, cuando se impactan sobre los puntos a tratar, se logra restablecer el equilibrio y las condiciones \u00f3ptimas para el correcto funcionamiento de nuestro cuerpo.<\/p>\t\t\t\t\t\t\t\t<\/div>\n\t\t\t\t<\/div>\n\t\t\t\t<\/div>\n\t\t\t\t\t<\/div>\n\t\t\t\t<\/div>\n\t\t<div class=\"elementor-element elementor-element-583b837 e-flex e-con-boxed e-con e-parent\" data-id=\"583b837\" data-element_type=\"container\">\n\t\t\t\t\t<div class=\"e-con-inner\">\n\t\t<div class=\"elementor-element elementor-element-5c34797 e-con-full e-flex e-con e-child\" data-id=\"5c34797\" data-element_type=\"container\">\n\t\t\t\t<div class=\"elementor-element elementor-element-767782e elementor-widget elementor-widget-heading\" data-id=\"767782e\" data-element_type=\"widget\" data-widget_type=\"heading.default\">\n\t\t\t\t<div class=\"elementor-widget-container\">\n\t\t\t\t\t<h2 class=\"elementor-heading-title elementor-size-default\">REIKI<\/h2>\t\t\t\t<\/div>\n\t\t\t\t<\/div>\n\t\t\t\t<div class=\"elementor-element elementor-element-29aaa80 elementor-widget elementor-widget-text-editor\" data-id=\"29aaa80\" data-element_type=\"widget\" data-widget_type=\"text-editor.default\">\n\t\t\t\t<div class=\"elementor-widget-container\">\n\t\t\t\t\t\t\t\t\t<p>El Reiki es una antigua t\u00e9cnica de curaci\u00f3n que canaliza energ\u00eda a trav\u00e9s de las manos para restaurar el equilibrio f\u00edsico y emocional. Experimenta una sanaci\u00f3n natural y profunda. \u00danete a nosotros para descubrir el poder sanador del Reiki y revitaliza tu bienestar.<\/p>\t\t\t\t\t\t\t\t<\/div>\n\t\t\t\t<\/div>\n\t\t\t\t<\/div>\n\t\t<div class=\"elementor-element elementor-element-8cb72da e-con-full e-flex e-con e-child\" data-id=\"8cb72da\" data-element_type=\"container\">\n\t\t\t\t<div class=\"elementor-element elementor-element-67b69f8 elementor-widget elementor-widget-image\" data-id=\"67b69f8\" data-element_type=\"widget\" data-widget_type=\"image.default\">\n\t\t\t\t<div class=\"elementor-widget-container\">\n\t\t\t\t\t\t\t\t\t\t\t\t\t\t\t<img decoding=\"async\" src=\"https:\/\/entornopruebas123.es\/wp-content\/uploads\/elementor\/thumbs\/Image-19-rl2v72muv0lubk6elrn1snyj5io3pp5ejqq4chxj40.jpeg\" title=\"Image (19)\" alt=\"Image (19)\" loading=\"lazy\" \/>\t\t\t\t\t\t\t\t\t\t\t\t\t\t\t<\/div>\n\t\t\t\t<\/div>\n\t\t\t\t<\/div>\n\t\t\t\t\t<\/div>\n\t\t\t\t<\/div>\n\t\t<div class=\"elementor-element elementor-element-06045f7 e-flex e-con-boxed e-con e-parent\" data-id=\"06045f7\" data-element_type=\"container\">\n\t\t\t\t\t<div class=\"e-con-inner\">\n\t\t<div class=\"elementor-element elementor-element-bbd7518 e-con-full e-flex e-con e-child\" data-id=\"bbd7518\" data-element_type=\"container\">\n\t\t\t\t<div class=\"elementor-element elementor-element-9829ba4 elementor-widget elementor-widget-image\" data-id=\"9829ba4\" data-element_type=\"widget\" data-widget_type=\"image.default\">\n\t\t\t\t<div class=\"elementor-widget-container\">\n\t\t\t\t\t\t\t\t\t\t\t\t\t\t\t<img decoding=\"async\" src=\"https:\/\/entornopruebas123.es\/wp-content\/uploads\/elementor\/thumbs\/Image-21-rl2v72muv0lubk6elrn1snyj5io3pp5ejqq4chxj40.jpeg\" title=\"Image (21)\" alt=\"Image (21)\" loading=\"lazy\" \/>\t\t\t\t\t\t\t\t\t\t\t\t\t\t\t<\/div>\n\t\t\t\t<\/div>\n\t\t\t\t<\/div>\n\t\t<div class=\"elementor-element elementor-element-f37293a e-con-full e-flex e-con e-child\" data-id=\"f37293a\" data-element_type=\"container\">\n\t\t\t\t<div class=\"elementor-element elementor-element-faf3532 elementor-widget elementor-widget-heading\" data-id=\"faf3532\" data-element_type=\"widget\" data-widget_type=\"heading.default\">\n\t\t\t\t<div class=\"elementor-widget-container\">\n\t\t\t\t\t<h2 class=\"elementor-heading-title elementor-size-default\">CONSTELACIONES FAMILIARES<\/h2>\t\t\t\t<\/div>\n\t\t\t\t<\/div>\n\t\t\t\t<div class=\"elementor-element elementor-element-f30297f elementor-widget elementor-widget-text-editor\" data-id=\"f30297f\" data-element_type=\"widget\" data-widget_type=\"text-editor.default\">\n\t\t\t\t<div class=\"elementor-widget-container\">\n\t\t\t\t\t\t\t\t\t<p>Descubre el poder transformador de las Constelaciones Familiares. Sum\u00e9rgete en un viaje hacia la sanaci\u00f3n y la comprensi\u00f3n de tus v\u00ednculos familiares, liberando patrones limitantes y restaurando el equilibrio en tu vida. Nuestros servicios ofrecen un espacio seguro y acogedor para explorar las din\u00e1micas familiares y encontrar soluciones que te permitan avanzar hacia una vida plena y consciente.<br \/>Las sesiones se realizan grupales o individuales.<\/p>\t\t\t\t\t\t\t\t<\/div>\n\t\t\t\t<\/div>\n\t\t\t\t<\/div>\n\t\t\t\t\t<\/div>\n\t\t\t\t<\/div>\n\t\t<div class=\"elementor-element elementor-element-2b27982 e-flex e-con-boxed e-con e-parent\" data-id=\"2b27982\" data-element_type=\"container\">\n\t\t\t\t\t<div class=\"e-con-inner\">\n\t\t<div class=\"elementor-element elementor-element-01c5150 e-con-full e-flex e-con e-child\" data-id=\"01c5150\" data-element_type=\"container\">\n\t\t\t\t<div class=\"elementor-element elementor-element-b8fd092 elementor-widget elementor-widget-heading\" data-id=\"b8fd092\" data-element_type=\"widget\" data-widget_type=\"heading.default\">\n\t\t\t\t<div class=\"elementor-widget-container\">\n\t\t\t\t\t<h2 class=\"elementor-heading-title elementor-size-default\">COACHING Y PNL<\/h2>\t\t\t\t<\/div>\n\t\t\t\t<\/div>\n\t\t\t\t<div class=\"elementor-element elementor-element-3a45d10 elementor-widget elementor-widget-text-editor\" data-id=\"3a45d10\" data-element_type=\"widget\" data-widget_type=\"text-editor.default\">\n\t\t\t\t<div class=\"elementor-widget-container\">\n\t\t\t\t\t\t\t\t\t<p>El coaching es un m\u00e9todo de acompa\u00f1amiento personalizado con el objetivo de mejorar las competencias y actuaciones de la persona gracias a la ampliaci\u00f3n de conocimientos y la optimizaci\u00f3n de los procesos y m\u00e9todos de organizaci\u00f3n y de control. Mediante el proceso de coaching, el cliente profundiza en su conocimiento, aumenta su rendimiento y mejora su calidad de vida.<\/p>\t\t\t\t\t\t\t\t<\/div>\n\t\t\t\t<\/div>\n\t\t\t\t<\/div>\n\t\t<div class=\"elementor-element elementor-element-5eec7fb e-con-full e-flex e-con e-child\" data-id=\"5eec7fb\" data-element_type=\"container\">\n\t\t\t\t<div class=\"elementor-element elementor-element-eb0e5b1 elementor-widget elementor-widget-image\" data-id=\"eb0e5b1\" data-element_type=\"widget\" data-widget_type=\"image.default\">\n\t\t\t\t<div class=\"elementor-widget-container\">\n\t\t\t\t\t\t\t\t\t\t\t\t\t\t\t<img decoding=\"async\" width=\"800\" height=\"800\" src=\"https:\/\/entornopruebas123.es\/wp-content\/uploads\/2024\/04\/Image-20-1024x1024.jpeg\" class=\"attachment-large size-large wp-image-1942\" alt=\"\" srcset=\"https:\/\/entornopruebas123.es\/wp-content\/uploads\/2024\/04\/Image-20-1024x1024.jpeg 1024w, https:\/\/entornopruebas123.es\/wp-content\/uploads\/2024\/04\/Image-20-300x300.jpeg 300w, https:\/\/entornopruebas123.es\/wp-content\/uploads\/2024\/04\/Image-20-150x150.jpeg 150w, https:\/\/entornopruebas123.es\/wp-content\/uploads\/2024\/04\/Image-20-768x768.jpeg 768w, https:\/\/entornopruebas123.es\/wp-content\/uploads\/2024\/04\/Image-20-12x12.jpeg 12w, https:\/\/entornopruebas123.es\/wp-content\/uploads\/2024\/04\/Image-20.jpeg 1080w\" sizes=\"(max-width: 800px) 100vw, 800px\" \/>\t\t\t\t\t\t\t\t\t\t\t\t\t\t\t<\/div>\n\t\t\t\t<\/div>\n\t\t\t\t<\/div>\n\t\t\t\t\t<\/div>\n\t\t\t\t<\/div>\n\t\t\t\t<\/div>","protected":false},"excerpt":{"rendered":"<p>TERAPIAS TERAPIA HOL\u00cdSTICA En estas terapias buscaremos la causa del malestar, haremos un trabajo de autoconocimiento e indagaremos hasta llegar al motivo que desencadena el problema. Desde el psicoan\u00e1lisis y una revisi\u00f3n de las heridas de la infancia, hasta herramientas m\u00e1s esot\u00e9ricas como el tarot, registros ak\u00e1shicos, t\u00e9cnicas de meditaci\u00f3n y autocontrol, Reiki, p\u00e9ndulo hebreo, [&hellip;]<\/p>\n","protected":false},"author":1,"featured_media":0,"parent":0,"menu_order":0,"comment_status":"closed","ping_status":"closed","template":"","meta":{"_monsterinsights_skip_tracking":false,"_monsterinsights_sitenote_active":false,"_monsterinsights_sitenote_note":"","_monsterinsights_sitenote_category":0,"footnotes":""},"aioseo_notices":[],"_links":{"self":[{"href":"https:\/\/entornopruebas123.es\/en\/wp-json\/wp\/v2\/pages\/451"}],"collection":[{"href":"https:\/\/entornopruebas123.es\/en\/wp-json\/wp\/v2\/pages"}],"about":[{"href":"https:\/\/entornopruebas123.es\/en\/wp-json\/wp\/v2\/types\/page"}],"author":[{"embeddable":true,"href":"https:\/\/entornopruebas123.es\/en\/wp-json\/wp\/v2\/users\/1"}],"replies":[{"embeddable":true,"href":"https:\/\/entornopruebas123.es\/en\/wp-json\/wp\/v2\/comments?post=451"}],"version-history":[{"count":25,"href":"https:\/\/entornopruebas123.es\/en\/wp-json\/wp\/v2\/pages\/451\/revisions"}],"predecessor-version":[{"id":1998,"href":"https:\/\/entornopruebas123.es\/en\/wp-json\/wp\/v2\/pages\/451\/revisions\/1998"}],"wp:attachment":[{"href":"https:\/\/entornopruebas123.es\/en\/wp-json\/wp\/v2\/media?parent=451"}],"curies":[{"name":"wp","href":"https:\/\/api.w.org\/{rel}","templated":true}]}}