{"id":48,"date":"2023-10-03T12:48:31","date_gmt":"2023-10-03T10:48:31","guid":{"rendered":"https:\/\/fitgymaltea.es\/?page_id=48"},"modified":"2023-12-16T22:22:38","modified_gmt":"2023-12-16T21:22:38","slug":"quiroentrena","status":"publish","type":"page","link":"https:\/\/entornopruebas123.es\/en\/quiroentrena\/","title":{"rendered":"QUIROENTRENA"},"content":{"rendered":"<div data-elementor-type=\"wp-page\" data-elementor-id=\"48\" class=\"elementor elementor-48\">\n\t\t\t\t<div class=\"elementor-element elementor-element-20725622 e-con-full e-flex e-con e-parent\" data-id=\"20725622\" data-element_type=\"container\" data-settings=\"{&quot;background_background&quot;:&quot;classic&quot;}\">\n\t\t<div class=\"elementor-element elementor-element-63430952 e-con-full e-flex e-con e-child\" data-id=\"63430952\" data-element_type=\"container\" data-settings=\"{&quot;background_background&quot;:&quot;classic&quot;}\">\n\t\t\t\t<div class=\"elementor-element elementor-element-c22d4a5 elementor-widget elementor-widget-heading\" data-id=\"c22d4a5\" data-element_type=\"widget\" data-widget_type=\"heading.default\">\n\t\t\t\t<div class=\"elementor-widget-container\">\n\t\t\t\t\t<h2 class=\"elementor-heading-title elementor-size-default\">ABOUT US?<\/h2>\t\t\t\t<\/div>\n\t\t\t\t<\/div>\n\t\t\t\t<div class=\"elementor-element elementor-element-eec4cbb elementor-widget elementor-widget-heading\" data-id=\"eec4cbb\" data-element_type=\"widget\" data-widget_type=\"heading.default\">\n\t\t\t\t<div class=\"elementor-widget-container\">\n\t\t\t\t\t<h2 class=\"elementor-heading-title elementor-size-default\">We offer personalized massages, yoga, and mindfulness in a cozy environment with trained team.<\/h2>\t\t\t\t<\/div>\n\t\t\t\t<\/div>\n\t\t\t\t<\/div>\n\t\t<div class=\"elementor-element elementor-element-750ea2f6 e-con-full e-flex e-con e-child\" data-id=\"750ea2f6\" data-element_type=\"container\" data-settings=\"{&quot;background_background&quot;:&quot;classic&quot;}\">\n\t\t\t\t<\/div>\n\t\t\t\t<\/div>\n\t\t<div class=\"elementor-element elementor-element-7227f936 e-flex e-con-boxed e-con e-parent\" data-id=\"7227f936\" data-element_type=\"container\" data-settings=\"{&quot;background_background&quot;:&quot;classic&quot;}\">\n\t\t\t\t\t<div class=\"e-con-inner\">\n\t\t\t\t<div class=\"elementor-element elementor-element-765299b4 elementor-widget-divider--view-line elementor-widget elementor-widget-divider\" data-id=\"765299b4\" data-element_type=\"widget\" data-widget_type=\"divider.default\">\n\t\t\t\t<div class=\"elementor-widget-container\">\n\t\t\t\t\t\t\t<div class=\"elementor-divider\">\n\t\t\t<span class=\"elementor-divider-separator\">\n\t\t\t\t\t\t<\/span>\n\t\t<\/div>\n\t\t\t\t\t\t<\/div>\n\t\t\t\t<\/div>\n\t\t<div class=\"elementor-element elementor-element-5509a20c e-con-full e-flex e-con e-child\" data-id=\"5509a20c\" data-element_type=\"container\">\n\t\t<div class=\"elementor-element elementor-element-2e7225f0 e-con-full e-flex e-con e-child\" data-id=\"2e7225f0\" data-element_type=\"container\">\n\t\t\t\t<div class=\"elementor-element elementor-element-f57efe6 animated-slow elementor-invisible elementor-widget elementor-widget-heading\" data-id=\"f57efe6\" data-element_type=\"widget\" data-settings=\"{&quot;_animation&quot;:&quot;slideInUp&quot;}\" data-widget_type=\"heading.default\">\n\t\t\t\t<div class=\"elementor-widget-container\">\n\t\t\t\t\t<h2 class=\"elementor-heading-title elementor-size-default\">QUIROENTRENA<\/h2>\t\t\t\t<\/div>\n\t\t\t\t<\/div>\n\t\t\t\t<div class=\"elementor-element elementor-element-3769c273 animated-slow elementor-invisible elementor-widget elementor-widget-heading\" data-id=\"3769c273\" data-element_type=\"widget\" data-settings=\"{&quot;_animation&quot;:&quot;slideInRight&quot;}\" data-widget_type=\"heading.default\">\n\t\t\t\t<div class=\"elementor-widget-container\">\n\t\t\t\t\t<h2 class=\"elementor-heading-title elementor-size-default\">OUR<br>SERVICES<\/h2>\t\t\t\t<\/div>\n\t\t\t\t<\/div>\n\t\t\t\t<\/div>\n\t\t\t\t<\/div>\n\t\t<div class=\"elementor-element elementor-element-21d74ce8 e-con-full e-flex e-con e-child\" data-id=\"21d74ce8\" data-element_type=\"container\">\n\t\t\t\t<div class=\"elementor-element elementor-element-139cf188 elementor-cta--valign-middle elementor-widget__width-inherit elementor-widget-tablet__width-initial elementor-widget-mobile__width-inherit elementor-cta--skin-classic elementor-animated-content elementor-bg-transform elementor-bg-transform-zoom-in elementor-widget elementor-widget-call-to-action\" data-id=\"139cf188\" data-element_type=\"widget\" data-widget_type=\"call-to-action.default\">\n\t\t\t\t<div class=\"elementor-widget-container\">\n\t\t\t\t\t\t\t<div class=\"elementor-cta\">\n\t\t\t\t\t<div class=\"elementor-cta__bg-wrapper\">\n\t\t\t\t<div class=\"elementor-cta__bg elementor-bg\" style=\"background-image: url(https:\/\/entornopruebas123.es\/wp-content\/uploads\/2023\/12\/32-1024x768.jpg);\"><\/div>\n\t\t\t\t<div class=\"elementor-cta__bg-overlay\"><\/div>\n\t\t\t<\/div>\n\t\t\t\t\t\t\t<div class=\"elementor-cta__content\">\n\t\t\t\t\n\t\t\t\t<h2 class=\"elementor-cta__title elementor-cta__content-item elementor-content-item\">TREATMENTS<\/h2>\n\t\t\t\t\n\t\t\t\t\t\t\t\t\t<div class=\"elementor-cta__button-wrapper elementor-cta__content-item elementor-content-item\">\n\t\t\t\t\t<a class=\"elementor-cta__button elementor-button elementor-size-sm\" href=\"https:\/\/fitgymaltea.es\/?page_id=447\">\n\t\t\t\t\t\tKnow more\t\t\t\t\t<\/a>\n\t\t\t\t\t<\/div>\n\t\t\t\t\t\t\t<\/div>\n\t\t\t\t\t\t<\/div>\n\t\t\t\t\t\t<\/div>\n\t\t\t\t<\/div>\n\t\t\t\t<div class=\"elementor-element elementor-element-652ab36e elementor-cta--valign-middle elementor-widget__width-inherit elementor-widget-tablet__width-initial elementor-widget-mobile__width-inherit elementor-cta--skin-classic elementor-animated-content elementor-bg-transform elementor-bg-transform-zoom-in elementor-widget elementor-widget-call-to-action\" data-id=\"652ab36e\" data-element_type=\"widget\" data-widget_type=\"call-to-action.default\">\n\t\t\t\t<div class=\"elementor-widget-container\">\n\t\t\t\t\t\t\t<div class=\"elementor-cta\">\n\t\t\t\t\t<div class=\"elementor-cta__bg-wrapper\">\n\t\t\t\t<div class=\"elementor-cta__bg elementor-bg\" style=\"background-image: url(https:\/\/entornopruebas123.es\/wp-content\/uploads\/2023\/12\/34-1024x768.jpg);\"><\/div>\n\t\t\t\t<div class=\"elementor-cta__bg-overlay\"><\/div>\n\t\t\t<\/div>\n\t\t\t\t\t\t\t<div class=\"elementor-cta__content\">\n\t\t\t\t\n\t\t\t\t<h2 class=\"elementor-cta__title elementor-cta__content-item elementor-content-item\">treatments<br>reducers<\/h2>\n\t\t\t\t\n\t\t\t\t\t\t\t\t\t<div class=\"elementor-cta__button-wrapper elementor-cta__content-item elementor-content-item\">\n\t\t\t\t\t<a class=\"elementor-cta__button elementor-button elementor-size-sm\" href=\"https:\/\/fitgymaltea.es\/?page_id=534\">\n\t\t\t\t\t\tKnow more\t\t\t\t\t<\/a>\n\t\t\t\t\t<\/div>\n\t\t\t\t\t\t\t<\/div>\n\t\t\t\t\t\t<\/div>\n\t\t\t\t\t\t<\/div>\n\t\t\t\t<\/div>\n\t\t\t\t<div class=\"elementor-element elementor-element-53368436 elementor-cta--valign-middle elementor-widget__width-inherit elementor-widget-tablet__width-initial elementor-widget-mobile__width-inherit elementor-cta--skin-classic elementor-animated-content elementor-bg-transform elementor-bg-transform-zoom-in elementor-widget elementor-widget-call-to-action\" data-id=\"53368436\" data-element_type=\"widget\" data-widget_type=\"call-to-action.default\">\n\t\t\t\t<div class=\"elementor-widget-container\">\n\t\t\t\t\t\t\t<div class=\"elementor-cta\">\n\t\t\t\t\t<div class=\"elementor-cta__bg-wrapper\">\n\t\t\t\t<div class=\"elementor-cta__bg elementor-bg\" style=\"background-image: url(https:\/\/entornopruebas123.es\/wp-content\/uploads\/2023\/12\/35-1024x768.jpg);\"><\/div>\n\t\t\t\t<div class=\"elementor-cta__bg-overlay\"><\/div>\n\t\t\t<\/div>\n\t\t\t\t\t\t\t<div class=\"elementor-cta__content\">\n\t\t\t\t\n\t\t\t\t<h2 class=\"elementor-cta__title elementor-cta__content-item elementor-content-item\">esthetic<\/h2>\n\t\t\t\t\n\t\t\t\t\t\t\t\t\t<div class=\"elementor-cta__button-wrapper elementor-cta__content-item elementor-content-item\">\n\t\t\t\t\t<a class=\"elementor-cta__button elementor-button elementor-size-sm\" href=\"https:\/\/fitgymaltea.es\/?page_id=508\">\n\t\t\t\t\t\tKnow more\t\t\t\t\t<\/a>\n\t\t\t\t\t<\/div>\n\t\t\t\t\t\t\t<\/div>\n\t\t\t\t\t\t<\/div>\n\t\t\t\t\t\t<\/div>\n\t\t\t\t<\/div>\n\t\t\t\t<div class=\"elementor-element elementor-element-1299d06f elementor-cta--valign-middle elementor-widget__width-inherit elementor-widget-tablet__width-initial elementor-widget-mobile__width-inherit elementor-cta--skin-classic elementor-animated-content elementor-bg-transform elementor-bg-transform-zoom-in elementor-widget elementor-widget-call-to-action\" data-id=\"1299d06f\" data-element_type=\"widget\" data-widget_type=\"call-to-action.default\">\n\t\t\t\t<div class=\"elementor-widget-container\">\n\t\t\t\t\t\t\t<div class=\"elementor-cta\">\n\t\t\t\t\t<div class=\"elementor-cta__bg-wrapper\">\n\t\t\t\t<div class=\"elementor-cta__bg elementor-bg\" style=\"background-image: url(https:\/\/entornopruebas123.es\/wp-content\/uploads\/2023\/12\/38-1024x768.jpg);\"><\/div>\n\t\t\t\t<div class=\"elementor-cta__bg-overlay\"><\/div>\n\t\t\t<\/div>\n\t\t\t\t\t\t\t<div class=\"elementor-cta__content\">\n\t\t\t\t\n\t\t\t\t<h2 class=\"elementor-cta__title elementor-cta__content-item elementor-content-item\">therapies<\/h2>\n\t\t\t\t\n\t\t\t\t\t\t\t\t\t<div class=\"elementor-cta__button-wrapper elementor-cta__content-item elementor-content-item\">\n\t\t\t\t\t<a class=\"elementor-cta__button elementor-button elementor-size-sm\" href=\"https:\/\/fitgymaltea.es\/?page_id=451\">\n\t\t\t\t\t\tKnow more\t\t\t\t\t<\/a>\n\t\t\t\t\t<\/div>\n\t\t\t\t\t\t\t<\/div>\n\t\t\t\t\t\t<\/div>\n\t\t\t\t\t\t<\/div>\n\t\t\t\t<\/div>\n\t\t\t\t<\/div>\n\t\t\t\t\t<\/div>\n\t\t\t\t<\/div>\n\t\t<div class=\"elementor-element elementor-element-20e2195 e-flex e-con-boxed e-con e-parent\" data-id=\"20e2195\" data-element_type=\"container\">\n\t\t\t\t\t<div class=\"e-con-inner\">\n\t\t\t\t<div class=\"elementor-element elementor-element-6bf58f9 elementor-widget elementor-widget-text-editor\" data-id=\"6bf58f9\" data-element_type=\"widget\" data-widget_type=\"text-editor.default\">\n\t\t\t\t<div class=\"elementor-widget-container\">\n\t\t\t\t\t\t\t\t\t<p>Quiro&amp;Entrena is a center located in the FITGYM Altea gym.<\/p><p>We are committed to helping people find their balance for physical and mental well-being.<\/p>\t\t\t\t\t\t\t\t<\/div>\n\t\t\t\t<\/div>\n\t\t\t\t\t<\/div>\n\t\t\t\t<\/div>\n\t\t<div class=\"elementor-element elementor-element-5ef2f17 e-flex e-con-boxed e-con e-parent\" data-id=\"5ef2f17\" data-element_type=\"container\">\n\t\t\t\t\t<div class=\"e-con-inner\">\n\t\t\t\t<div class=\"elementor-element elementor-element-e4d2d76 elementor-widget elementor-widget-text-editor\" data-id=\"e4d2d76\" data-element_type=\"widget\" data-widget_type=\"text-editor.default\">\n\t\t\t\t<div class=\"elementor-widget-container\">\n\t\t\t\t\t\t\t\t\t<p>CHIROTRAIN TREATMENTS<\/p>\t\t\t\t\t\t\t\t<\/div>\n\t\t\t\t<\/div>\n\t\t\t\t\t<\/div>\n\t\t\t\t<\/div>\n\t\t<div class=\"elementor-element elementor-element-c334300 e-flex e-con-boxed e-con e-parent\" data-id=\"c334300\" data-element_type=\"container\">\n\t\t\t\t\t<div class=\"e-con-inner\">\n\t\t<div class=\"elementor-element elementor-element-f813ecf e-con-full e-flex e-con e-child\" data-id=\"f813ecf\" data-element_type=\"container\">\n\t\t\t\t<div class=\"elementor-element elementor-element-e352492 elementor-widget elementor-widget-image\" data-id=\"e352492\" data-element_type=\"widget\" data-widget_type=\"image.default\">\n\t\t\t\t<div class=\"elementor-widget-container\">\n\t\t\t\t\t\t\t\t\t\t\t\t\t\t\t<img fetchpriority=\"high\" decoding=\"async\" width=\"768\" height=\"576\" src=\"https:\/\/entornopruebas123.es\/wp-content\/uploads\/2023\/12\/30-768x576.jpg\" class=\"attachment-medium_large size-medium_large wp-image-1253\" alt=\"\" srcset=\"https:\/\/entornopruebas123.es\/wp-content\/uploads\/2023\/12\/30-768x576.jpg 768w, https:\/\/entornopruebas123.es\/wp-content\/uploads\/2023\/12\/30-300x225.jpg 300w, https:\/\/entornopruebas123.es\/wp-content\/uploads\/2023\/12\/30-1024x768.jpg 1024w, https:\/\/entornopruebas123.es\/wp-content\/uploads\/2023\/12\/30-1536x1152.jpg 1536w, https:\/\/entornopruebas123.es\/wp-content\/uploads\/2023\/12\/30-2048x1536.jpg 2048w\" sizes=\"(max-width: 768px) 100vw, 768px\" \/>\t\t\t\t\t\t\t\t\t\t\t\t\t\t\t<\/div>\n\t\t\t\t<\/div>\n\t\t\t\t<\/div>\n\t\t<div class=\"elementor-element elementor-element-8020157 e-con-full e-flex e-con e-child\" data-id=\"8020157\" data-element_type=\"container\">\n\t\t\t\t<div class=\"elementor-element elementor-element-dd81c2d elementor-widget elementor-widget-text-editor\" data-id=\"dd81c2d\" data-element_type=\"widget\" data-widget_type=\"text-editor.default\">\n\t\t\t\t<div class=\"elementor-widget-container\">\n\t\t\t\t\t\t\t\t\t<ul><li>Relaxing massage<\/li><li>Relieving massage<\/li><li>Body and facial lymphatic drainage massage<\/li><li>Osteopathy<\/li><li>Acupuncture<\/li><li>Kinesiology<\/li><li>Phytotherapy<\/li><\/ul>\t\t\t\t\t\t\t\t<\/div>\n\t\t\t\t<\/div>\n\t\t\t\t<\/div>\n\t\t\t\t\t<\/div>\n\t\t\t\t<\/div>\n\t\t<div class=\"elementor-element elementor-element-550a74d e-flex e-con-boxed e-con e-parent\" data-id=\"550a74d\" data-element_type=\"container\">\n\t\t\t\t\t<div class=\"e-con-inner\">\n\t\t\t\t<div class=\"elementor-element elementor-element-8172305 elementor-widget elementor-widget-text-editor\" data-id=\"8172305\" data-element_type=\"widget\" data-widget_type=\"text-editor.default\">\n\t\t\t\t<div class=\"elementor-widget-container\">\n\t\t\t\t\t\t\t\t\t<p>REDUCING TREATMENTS<\/p>\t\t\t\t\t\t\t\t<\/div>\n\t\t\t\t<\/div>\n\t\t\t\t\t<\/div>\n\t\t\t\t<\/div>\n\t\t<div class=\"elementor-element elementor-element-409d332 e-flex e-con-boxed e-con e-parent\" data-id=\"409d332\" data-element_type=\"container\">\n\t\t\t\t\t<div class=\"e-con-inner\">\n\t\t<div class=\"elementor-element elementor-element-c6ec26a e-con-full e-flex e-con e-child\" data-id=\"c6ec26a\" data-element_type=\"container\">\n\t\t\t\t<div class=\"elementor-element elementor-element-4a7cd8e elementor-widget elementor-widget-text-editor\" data-id=\"4a7cd8e\" data-element_type=\"widget\" data-widget_type=\"text-editor.default\">\n\t\t\t\t<div class=\"elementor-widget-container\">\n\t\t\t\t\t\t\t\t\t<ul><li>Maderotherapy<\/li><li>Rollaction system<\/li><li>Diathermy-Radiofrequency<\/li><li>Pressotherapy<\/li><li>Microneedling<\/li><li>Reducing massage<\/li><li>Cold bandage treatment<\/li><li>Body Peeling Treatments<\/li><li>Reset-Detox<\/li><li>Chocolate<\/li><\/ul>\t\t\t\t\t\t\t\t<\/div>\n\t\t\t\t<\/div>\n\t\t\t\t<\/div>\n\t\t<div class=\"elementor-element elementor-element-e64aed6 e-con-full e-flex e-con e-child\" data-id=\"e64aed6\" data-element_type=\"container\">\n\t\t\t\t<div class=\"elementor-element elementor-element-9b67c6c elementor-widget elementor-widget-image\" data-id=\"9b67c6c\" data-element_type=\"widget\" data-widget_type=\"image.default\">\n\t\t\t\t<div class=\"elementor-widget-container\">\n\t\t\t\t\t\t\t\t\t\t\t\t\t\t\t<img decoding=\"async\" width=\"768\" height=\"576\" src=\"https:\/\/entornopruebas123.es\/wp-content\/uploads\/2023\/12\/31-768x576.jpg\" class=\"attachment-medium_large size-medium_large wp-image-1254\" alt=\"\" srcset=\"https:\/\/entornopruebas123.es\/wp-content\/uploads\/2023\/12\/31-768x576.jpg 768w, https:\/\/entornopruebas123.es\/wp-content\/uploads\/2023\/12\/31-300x225.jpg 300w, https:\/\/entornopruebas123.es\/wp-content\/uploads\/2023\/12\/31-1024x768.jpg 1024w, https:\/\/entornopruebas123.es\/wp-content\/uploads\/2023\/12\/31-1536x1152.jpg 1536w, https:\/\/entornopruebas123.es\/wp-content\/uploads\/2023\/12\/31-2048x1536.jpg 2048w\" sizes=\"(max-width: 768px) 100vw, 768px\" \/>\t\t\t\t\t\t\t\t\t\t\t\t\t\t\t<\/div>\n\t\t\t\t<\/div>\n\t\t\t\t<\/div>\n\t\t\t\t\t<\/div>\n\t\t\t\t<\/div>\n\t\t<div class=\"elementor-element elementor-element-2baf429 e-flex e-con-boxed e-con e-parent\" data-id=\"2baf429\" data-element_type=\"container\">\n\t\t\t\t\t<div class=\"e-con-inner\">\n\t\t\t\t<div class=\"elementor-element elementor-element-a721064 elementor-widget elementor-widget-text-editor\" data-id=\"a721064\" data-element_type=\"widget\" data-widget_type=\"text-editor.default\">\n\t\t\t\t<div class=\"elementor-widget-container\">\n\t\t\t\t\t\t\t\t\t<p>ESTHETIC<\/p>\t\t\t\t\t\t\t\t<\/div>\n\t\t\t\t<\/div>\n\t\t\t\t\t<\/div>\n\t\t\t\t<\/div>\n\t\t<div class=\"elementor-element elementor-element-afe5014 e-flex e-con-boxed e-con e-parent\" data-id=\"afe5014\" data-element_type=\"container\">\n\t\t\t\t\t<div class=\"e-con-inner\">\n\t\t<div class=\"elementor-element elementor-element-445117e e-con-full e-flex e-con e-child\" data-id=\"445117e\" data-element_type=\"container\">\n\t\t\t\t<div class=\"elementor-element elementor-element-45afceb elementor-widget elementor-widget-image\" data-id=\"45afceb\" data-element_type=\"widget\" data-widget_type=\"image.default\">\n\t\t\t\t<div class=\"elementor-widget-container\">\n\t\t\t\t\t\t\t\t\t\t\t\t\t\t\t<img decoding=\"async\" width=\"768\" height=\"576\" src=\"https:\/\/entornopruebas123.es\/wp-content\/uploads\/2023\/12\/36-768x576.jpg\" class=\"attachment-medium_large size-medium_large wp-image-1256\" alt=\"\" srcset=\"https:\/\/entornopruebas123.es\/wp-content\/uploads\/2023\/12\/36-768x576.jpg 768w, https:\/\/entornopruebas123.es\/wp-content\/uploads\/2023\/12\/36-300x225.jpg 300w, https:\/\/entornopruebas123.es\/wp-content\/uploads\/2023\/12\/36-1024x768.jpg 1024w, https:\/\/entornopruebas123.es\/wp-content\/uploads\/2023\/12\/36-1536x1152.jpg 1536w, https:\/\/entornopruebas123.es\/wp-content\/uploads\/2023\/12\/36-2048x1536.jpg 2048w\" sizes=\"(max-width: 768px) 100vw, 768px\" \/>\t\t\t\t\t\t\t\t\t\t\t\t\t\t\t<\/div>\n\t\t\t\t<\/div>\n\t\t\t\t<\/div>\n\t\t<div class=\"elementor-element elementor-element-b1616cb e-con-full e-flex e-con e-child\" data-id=\"b1616cb\" data-element_type=\"container\">\n\t\t\t\t<div class=\"elementor-element elementor-element-265a19a elementor-widget elementor-widget-text-editor\" data-id=\"265a19a\" data-element_type=\"widget\" data-widget_type=\"text-editor.default\">\n\t\t\t\t<div class=\"elementor-widget-container\">\n\t\t\t\t\t\t\t\t\t<ul><li>Laser to remove hair, warts and tattoos<\/li><li>Activated carbon peeling<\/li><li>Mesotherapy<\/li><li>LED facial lamp<\/li><li>Micropigmentation and microblanding<\/li><li>Eyelash lifting and tinting<\/li><\/ul>\t\t\t\t\t\t\t\t<\/div>\n\t\t\t\t<\/div>\n\t\t\t\t<\/div>\n\t\t\t\t\t<\/div>\n\t\t\t\t<\/div>\n\t\t<div class=\"elementor-element elementor-element-b68b405 e-flex e-con-boxed e-con e-parent\" data-id=\"b68b405\" data-element_type=\"container\">\n\t\t\t\t\t<div class=\"e-con-inner\">\n\t\t\t\t<div class=\"elementor-element elementor-element-c6b7fc0 elementor-widget elementor-widget-text-editor\" data-id=\"c6b7fc0\" data-element_type=\"widget\" data-widget_type=\"text-editor.default\">\n\t\t\t\t<div class=\"elementor-widget-container\">\n\t\t\t\t\t\t\t\t\t<p>THERAPIES<\/p>\t\t\t\t\t\t\t\t<\/div>\n\t\t\t\t<\/div>\n\t\t\t\t\t<\/div>\n\t\t\t\t<\/div>\n\t\t<div class=\"elementor-element elementor-element-2092b31 e-flex e-con-boxed e-con e-parent\" data-id=\"2092b31\" data-element_type=\"container\">\n\t\t\t\t\t<div class=\"e-con-inner\">\n\t\t<div class=\"elementor-element elementor-element-3afcf8c e-con-full e-flex e-con e-child\" data-id=\"3afcf8c\" data-element_type=\"container\">\n\t\t\t\t<div class=\"elementor-element elementor-element-8a4b372 elementor-widget elementor-widget-text-editor\" data-id=\"8a4b372\" data-element_type=\"widget\" data-widget_type=\"text-editor.default\">\n\t\t\t\t<div class=\"elementor-widget-container\">\n\t\t\t\t\t\t\t\t\t<ul><li>Dowsing<\/li><li>Regressive therapy<\/li><li>Reiki<\/li><li>Couching and NLP Therapy<\/li><\/ul>\t\t\t\t\t\t\t\t<\/div>\n\t\t\t\t<\/div>\n\t\t\t\t<\/div>\n\t\t<div class=\"elementor-element elementor-element-6af8c7b e-con-full e-flex e-con e-child\" data-id=\"6af8c7b\" data-element_type=\"container\">\n\t\t\t\t<div class=\"elementor-element elementor-element-17a2935 elementor-widget elementor-widget-image\" data-id=\"17a2935\" data-element_type=\"widget\" data-widget_type=\"image.default\">\n\t\t\t\t<div class=\"elementor-widget-container\">\n\t\t\t\t\t\t\t\t\t\t\t\t\t\t\t<img loading=\"lazy\" decoding=\"async\" width=\"768\" height=\"576\" src=\"https:\/\/entornopruebas123.es\/wp-content\/uploads\/2023\/12\/37-768x576.jpg\" class=\"attachment-medium_large size-medium_large wp-image-1257\" alt=\"\" srcset=\"https:\/\/entornopruebas123.es\/wp-content\/uploads\/2023\/12\/37-768x576.jpg 768w, https:\/\/entornopruebas123.es\/wp-content\/uploads\/2023\/12\/37-300x225.jpg 300w, https:\/\/entornopruebas123.es\/wp-content\/uploads\/2023\/12\/37-1024x768.jpg 1024w, https:\/\/entornopruebas123.es\/wp-content\/uploads\/2023\/12\/37-1536x1152.jpg 1536w, https:\/\/entornopruebas123.es\/wp-content\/uploads\/2023\/12\/37-2048x1536.jpg 2048w\" sizes=\"(max-width: 768px) 100vw, 768px\" \/>\t\t\t\t\t\t\t\t\t\t\t\t\t\t\t<\/div>\n\t\t\t\t<\/div>\n\t\t\t\t<\/div>\n\t\t\t\t\t<\/div>\n\t\t\t\t<\/div>\n\t\t<div class=\"elementor-element elementor-element-006e5fa e-flex e-con-boxed e-con e-parent\" data-id=\"006e5fa\" data-element_type=\"container\">\n\t\t\t\t\t<div class=\"e-con-inner\">\n\t\t\t\t<div class=\"elementor-element elementor-element-149e1f6 elementor-widget elementor-widget-text-editor\" data-id=\"149e1f6\" data-element_type=\"widget\" data-widget_type=\"text-editor.default\">\n\t\t\t\t<div class=\"elementor-widget-container\">\n\t\t\t\t\t\t\t\t\t<p>SOON<\/p>\t\t\t\t\t\t\t\t<\/div>\n\t\t\t\t<\/div>\n\t\t\t\t\t<\/div>\n\t\t\t\t<\/div>\n\t\t<div class=\"elementor-element elementor-element-b8d5334 e-flex e-con-boxed e-con e-parent\" data-id=\"b8d5334\" data-element_type=\"container\">\n\t\t\t\t\t<div class=\"e-con-inner\">\n\t\t\t\t<div class=\"elementor-element elementor-element-c6a7350 elementor-widget elementor-widget-text-editor\" data-id=\"c6a7350\" data-element_type=\"widget\" data-widget_type=\"text-editor.default\">\n\t\t\t\t<div class=\"elementor-widget-container\">\n\t\t\t\t\t\t\t\t\t<p>Yoga and Meditation Workshops, Mindfulnes, Hypopressives and Chi Kung <\/p>\t\t\t\t\t\t\t\t<\/div>\n\t\t\t\t<\/div>\n\t\t\t\t\t<\/div>\n\t\t\t\t<\/div>\n\t\t<div class=\"elementor-element elementor-element-4b315b0 e-flex e-con-boxed e-con e-parent\" data-id=\"4b315b0\" data-element_type=\"container\">\n\t\t\t\t\t<div class=\"e-con-inner\">\n\t\t\t\t<div class=\"elementor-element elementor-element-592ee8e elementor-widget elementor-widget-image\" data-id=\"592ee8e\" data-element_type=\"widget\" data-widget_type=\"image.default\">\n\t\t\t\t<div class=\"elementor-widget-container\">\n\t\t\t\t\t\t\t\t\t\t\t\t\t\t\t<img fetchpriority=\"high\" decoding=\"async\" width=\"768\" height=\"576\" src=\"https:\/\/entornopruebas123.es\/wp-content\/uploads\/2023\/12\/30-768x576.jpg\" class=\"attachment-medium_large size-medium_large wp-image-1253\" alt=\"\" srcset=\"https:\/\/entornopruebas123.es\/wp-content\/uploads\/2023\/12\/30-768x576.jpg 768w, https:\/\/entornopruebas123.es\/wp-content\/uploads\/2023\/12\/30-300x225.jpg 300w, https:\/\/entornopruebas123.es\/wp-content\/uploads\/2023\/12\/30-1024x768.jpg 1024w, https:\/\/entornopruebas123.es\/wp-content\/uploads\/2023\/12\/30-1536x1152.jpg 1536w, https:\/\/entornopruebas123.es\/wp-content\/uploads\/2023\/12\/30-2048x1536.jpg 2048w\" sizes=\"(max-width: 768px) 100vw, 768px\" \/>\t\t\t\t\t\t\t\t\t\t\t\t\t\t\t<\/div>\n\t\t\t\t<\/div>\n\t\t\t\t\t<\/div>\n\t\t\t\t<\/div>\n\t\t\t\t<\/div>","protected":false},"excerpt":{"rendered":"<p>\u00bfQUI\u00c9NES SOMOS? Ofrecemos masajes, yoga, y mindfulness personalizados en ambiente acogedor con equipo capacitado. QUIROENTRENA NUESTROSSERVICIOS TRATAMIENTOS Saber m\u00e1s tratamientosreductores Saber m\u00e1s est\u00e9tica Saber m\u00e1s terapias Saber m\u00e1s Quiro&amp;Entrena es un centro situado en el gimnasio FITGYM Altea. Estamos comprometidos con ayudar a las personas a encontrar su equilibrio para un bienestar f\u00edsico y mental. [&hellip;]<\/p>\n","protected":false},"author":1,"featured_media":0,"parent":0,"menu_order":0,"comment_status":"closed","ping_status":"closed","template":"","meta":{"_monsterinsights_skip_tracking":false,"_monsterinsights_sitenote_active":false,"_monsterinsights_sitenote_note":"","_monsterinsights_sitenote_category":0,"footnotes":""},"aioseo_notices":[],"_links":{"self":[{"href":"https:\/\/entornopruebas123.es\/en\/wp-json\/wp\/v2\/pages\/48"}],"collection":[{"href":"https:\/\/entornopruebas123.es\/en\/wp-json\/wp\/v2\/pages"}],"about":[{"href":"https:\/\/entornopruebas123.es\/en\/wp-json\/wp\/v2\/types\/page"}],"author":[{"embeddable":true,"href":"https:\/\/entornopruebas123.es\/en\/wp-json\/wp\/v2\/users\/1"}],"replies":[{"embeddable":true,"href":"https:\/\/entornopruebas123.es\/en\/wp-json\/wp\/v2\/comments?post=48"}],"version-history":[{"count":72,"href":"https:\/\/entornopruebas123.es\/en\/wp-json\/wp\/v2\/pages\/48\/revisions"}],"predecessor-version":[{"id":1271,"href":"https:\/\/entornopruebas123.es\/en\/wp-json\/wp\/v2\/pages\/48\/revisions\/1271"}],"wp:attachment":[{"href":"https:\/\/entornopruebas123.es\/en\/wp-json\/wp\/v2\/media?parent=48"}],"curies":[{"name":"wp","href":"https:\/\/api.w.org\/{rel}","templated":true}]}}