{"id":508,"date":"2023-10-20T10:12:12","date_gmt":"2023-10-20T08:12:12","guid":{"rendered":"https:\/\/fitgymaltea.es\/?page_id=508"},"modified":"2024-04-17T16:31:08","modified_gmt":"2024-04-17T14:31:08","slug":"estetica","status":"publish","type":"page","link":"https:\/\/entornopruebas123.es\/en\/estetica\/","title":{"rendered":"ESTHETIC"},"content":{"rendered":"<div data-elementor-type=\"wp-page\" data-elementor-id=\"508\" class=\"elementor elementor-508\">\n\t\t\t\t<div class=\"elementor-element elementor-element-cfc2b0a e-flex e-con-boxed e-con e-parent\" data-id=\"cfc2b0a\" data-element_type=\"container\">\n\t\t\t\t\t<div class=\"e-con-inner\">\n\t\t\t\t<div class=\"elementor-element elementor-element-b5e088d elementor-widget elementor-widget-heading\" data-id=\"b5e088d\" data-element_type=\"widget\" data-widget_type=\"heading.default\">\n\t\t\t\t<div class=\"elementor-widget-container\">\n\t\t\t\t\t<h2 class=\"elementor-heading-title elementor-size-default\">ESTHETIC<\/h2>\t\t\t\t<\/div>\n\t\t\t\t<\/div>\n\t\t\t\t\t<\/div>\n\t\t\t\t<\/div>\n\t\t<div class=\"elementor-element elementor-element-d43f7b6 e-flex e-con-boxed e-con e-parent\" data-id=\"d43f7b6\" data-element_type=\"container\">\n\t\t\t\t\t<div class=\"e-con-inner\">\n\t\t\t\t<div class=\"elementor-element elementor-element-84ee13d elementor-widget elementor-widget-heading\" data-id=\"84ee13d\" data-element_type=\"widget\" data-widget_type=\"heading.default\">\n\t\t\t\t<div class=\"elementor-widget-container\">\n\t\t\t\t\t<h2 class=\"elementor-heading-title elementor-size-default\">ESTHETIC<\/h2>\t\t\t\t<\/div>\n\t\t\t\t<\/div>\n\t\t\t\t\t<\/div>\n\t\t\t\t<\/div>\n\t\t<div class=\"elementor-element elementor-element-bf05d70 e-flex e-con-boxed e-con e-parent\" data-id=\"bf05d70\" data-element_type=\"container\">\n\t\t\t\t\t<div class=\"e-con-inner\">\n\t\t\t\t<div class=\"elementor-element elementor-element-95b616d elementor-widget elementor-widget-image\" data-id=\"95b616d\" data-element_type=\"widget\" data-widget_type=\"image.default\">\n\t\t\t\t<div class=\"elementor-widget-container\">\n\t\t\t\t\t\t\t\t\t\t\t\t\t\t\t<img fetchpriority=\"high\" decoding=\"async\" width=\"800\" height=\"800\" src=\"https:\/\/entornopruebas123.es\/wp-content\/uploads\/2024\/04\/Image-2-2-1024x1024.jpeg\" class=\"attachment-large size-large wp-image-1980\" alt=\"\" srcset=\"https:\/\/entornopruebas123.es\/wp-content\/uploads\/2024\/04\/Image-2-2-1024x1024.jpeg 1024w, https:\/\/entornopruebas123.es\/wp-content\/uploads\/2024\/04\/Image-2-2-300x300.jpeg 300w, https:\/\/entornopruebas123.es\/wp-content\/uploads\/2024\/04\/Image-2-2-150x150.jpeg 150w, https:\/\/entornopruebas123.es\/wp-content\/uploads\/2024\/04\/Image-2-2-768x768.jpeg 768w, https:\/\/entornopruebas123.es\/wp-content\/uploads\/2024\/04\/Image-2-2-12x12.jpeg 12w, https:\/\/entornopruebas123.es\/wp-content\/uploads\/2024\/04\/Image-2-2.jpeg 1080w\" sizes=\"(max-width: 800px) 100vw, 800px\" \/>\t\t\t\t\t\t\t\t\t\t\t\t\t\t\t<\/div>\n\t\t\t\t<\/div>\n\t\t\t\t\t<\/div>\n\t\t\t\t<\/div>\n\t\t<div class=\"elementor-element elementor-element-9b97fa9 e-flex e-con-boxed e-con e-parent\" data-id=\"9b97fa9\" data-element_type=\"container\">\n\t\t\t\t\t<div class=\"e-con-inner\">\n\t\t<div class=\"elementor-element elementor-element-85e7331 e-con-full e-flex e-con e-child\" data-id=\"85e7331\" data-element_type=\"container\">\n\t\t\t\t<div class=\"elementor-element elementor-element-40ad5cb elementor-widget elementor-widget-image\" data-id=\"40ad5cb\" data-element_type=\"widget\" data-widget_type=\"image.default\">\n\t\t\t\t<div class=\"elementor-widget-container\">\n\t\t\t\t\t\t\t\t\t\t\t\t\t\t\t<img decoding=\"async\" src=\"https:\/\/entornopruebas123.es\/wp-content\/uploads\/elementor\/thumbs\/Image-8-rl2v73kt4rizrlpjjr14lnvyqom913wqlgl9mkva74.jpeg\" title=\"Image (8)\" alt=\"Image (8)\" loading=\"lazy\" \/>\t\t\t\t\t\t\t\t\t\t\t\t\t\t\t<\/div>\n\t\t\t\t<\/div>\n\t\t\t\t<div class=\"elementor-element elementor-element-0a02bfd elementor-widget elementor-widget-heading\" data-id=\"0a02bfd\" data-element_type=\"widget\" data-widget_type=\"heading.default\">\n\t\t\t\t<div class=\"elementor-widget-container\">\n\t\t\t\t\t<h2 class=\"elementor-heading-title elementor-size-default\">L\u00c1SER<\/h2>\t\t\t\t<\/div>\n\t\t\t\t<\/div>\n\t\t\t\t<div class=\"elementor-element elementor-element-84ff72c elementor-widget elementor-widget-text-editor\" data-id=\"84ff72c\" data-element_type=\"widget\" data-widget_type=\"text-editor.default\">\n\t\t\t\t<div class=\"elementor-widget-container\">\n\t\t\t\t\t\t\t\t\t<p>Explora el poder del l\u00e1ser para despedirte del <strong>vello no deseado, tatuajes y\/o verrugas molestas<\/strong>. Nuestros especialistas utilizan tecnolog\u00eda l\u00e1ser de vanguardia para ofrecerte resultados precisos y efectivos.<\/p>\t\t\t\t\t\t\t\t<\/div>\n\t\t\t\t<\/div>\n\t\t\t\t<\/div>\n\t\t<div class=\"elementor-element elementor-element-28e97e6 e-con-full e-flex e-con e-child\" data-id=\"28e97e6\" data-element_type=\"container\">\n\t\t\t\t<div class=\"elementor-element elementor-element-570fd2b elementor-widget elementor-widget-image\" data-id=\"570fd2b\" data-element_type=\"widget\" data-widget_type=\"image.default\">\n\t\t\t\t<div class=\"elementor-widget-container\">\n\t\t\t\t\t\t\t\t\t\t\t\t\t\t\t<img decoding=\"async\" src=\"https:\/\/entornopruebas123.es\/wp-content\/uploads\/elementor\/thumbs\/Image-7-rl2v74inblka37o6e9fr65nfc2hm8t0gxl8r3utw0w.jpeg\" title=\"Image (7)\" alt=\"Image (7)\" loading=\"lazy\" \/>\t\t\t\t\t\t\t\t\t\t\t\t\t\t\t<\/div>\n\t\t\t\t<\/div>\n\t\t\t\t<div class=\"elementor-element elementor-element-fc3df5b elementor-widget elementor-widget-heading\" data-id=\"fc3df5b\" data-element_type=\"widget\" data-widget_type=\"heading.default\">\n\t\t\t\t<div class=\"elementor-widget-container\">\n\t\t\t\t\t<h2 class=\"elementor-heading-title elementor-size-default\">PEELING DE CARB\u00d3N ACTIVO\nO CARB\u00d3N PEEL<\/h2>\t\t\t\t<\/div>\n\t\t\t\t<\/div>\n\t\t\t\t<div class=\"elementor-element elementor-element-2b62daf elementor-widget elementor-widget-text-editor\" data-id=\"2b62daf\" data-element_type=\"widget\" data-widget_type=\"text-editor.default\">\n\t\t\t\t<div class=\"elementor-widget-container\">\n\t\t\t\t\t\t\t\t\t<p>Peeling de carb\u00f3n activo l\u00e1ser es un tratamiento facial de <strong>rejuvenecimiento innovador<\/strong>, no invasivo e indoloro. Este consigue una limpieza profunda de las capas de la piel aportando luminosidad, suavidad y tersura. Facilita la <strong>eliminaci\u00f3n de acn\u00e9<\/strong> debido a su efecto bactericida y <strong>disminuye las imperfecciones<\/strong> existentes en la piel como cicatrices y marcas. Produce un efecto tensor ya que mejora la producci\u00f3n de col\u00e1geno y de nuevas fibras de elastina<\/p>\t\t\t\t\t\t\t\t<\/div>\n\t\t\t\t<\/div>\n\t\t\t\t<\/div>\n\t\t\t\t\t<\/div>\n\t\t\t\t<\/div>\n\t\t<div class=\"elementor-element elementor-element-6453207 e-flex e-con-boxed e-con e-parent\" data-id=\"6453207\" data-element_type=\"container\">\n\t\t\t\t\t<div class=\"e-con-inner\">\n\t\t<div class=\"elementor-element elementor-element-aee4a86 e-con-full e-flex e-con e-child\" data-id=\"aee4a86\" data-element_type=\"container\">\n\t\t\t\t<div class=\"elementor-element elementor-element-e646a65 elementor-widget elementor-widget-image\" data-id=\"e646a65\" data-element_type=\"widget\" data-widget_type=\"image.default\">\n\t\t\t\t<div class=\"elementor-widget-container\">\n\t\t\t\t\t\t\t\t\t\t\t\t\t\t\t<img decoding=\"async\" src=\"https:\/\/entornopruebas123.es\/wp-content\/uploads\/elementor\/thumbs\/Image-5-1-rl2v72muv0lk39i9fqatj41iylg02r5t8zz7c0o1z4.jpeg\" title=\"Image (5)\" alt=\"Image (5)\" loading=\"lazy\" \/>\t\t\t\t\t\t\t\t\t\t\t\t\t\t\t<\/div>\n\t\t\t\t<\/div>\n\t\t\t\t<div class=\"elementor-element elementor-element-e956eb4 elementor-widget elementor-widget-heading\" data-id=\"e956eb4\" data-element_type=\"widget\" data-widget_type=\"heading.default\">\n\t\t\t\t<div class=\"elementor-widget-container\">\n\t\t\t\t\t<h2 class=\"elementor-heading-title elementor-size-default\">TRATAMIENTOS FACIALES<\/h2>\t\t\t\t<\/div>\n\t\t\t\t<\/div>\n\t\t\t\t<div class=\"elementor-element elementor-element-f48077f elementor-widget elementor-widget-text-editor\" data-id=\"f48077f\" data-element_type=\"widget\" data-widget_type=\"text-editor.default\">\n\t\t\t\t<div class=\"elementor-widget-container\">\n\t\t\t\t\t\t\t\t\t<p>Contamos diferentes tratamientos destinados a\u00a0<strong>hidratar, tensar, iluminar y rejuvenecer<\/strong>\u00a0la piel.<\/p>\t\t\t\t\t\t\t\t<\/div>\n\t\t\t\t<\/div>\n\t\t\t\t<\/div>\n\t\t<div class=\"elementor-element elementor-element-251df87 e-con-full e-flex e-con e-child\" data-id=\"251df87\" data-element_type=\"container\">\n\t\t\t\t<div class=\"elementor-element elementor-element-707d5f4 elementor-widget elementor-widget-image\" data-id=\"707d5f4\" data-element_type=\"widget\" data-widget_type=\"image.default\">\n\t\t\t\t<div class=\"elementor-widget-container\">\n\t\t\t\t\t\t\t\t\t\t\t\t\t\t\t<img decoding=\"async\" src=\"https:\/\/entornopruebas123.es\/wp-content\/uploads\/elementor\/thumbs\/DSC_0351-e1713364223109-rl2v75gdfipf23e5z9ip8lbwqr23puh09dxnrujvgg.jpg\" title=\"DSC_0351\" alt=\"DSC_0351\" loading=\"lazy\" \/>\t\t\t\t\t\t\t\t\t\t\t\t\t\t\t<\/div>\n\t\t\t\t<\/div>\n\t\t\t\t<div class=\"elementor-element elementor-element-a76693e elementor-widget elementor-widget-heading\" data-id=\"a76693e\" data-element_type=\"widget\" data-widget_type=\"heading.default\">\n\t\t\t\t<div class=\"elementor-widget-container\">\n\t\t\t\t\t<h2 class=\"elementor-heading-title elementor-size-default\">SOL\u00c1RIUM<\/h2>\t\t\t\t<\/div>\n\t\t\t\t<\/div>\n\t\t\t\t<div class=\"elementor-element elementor-element-2c3553f elementor-widget elementor-widget-text-editor\" data-id=\"2c3553f\" data-element_type=\"widget\" data-widget_type=\"text-editor.default\">\n\t\t\t\t<div class=\"elementor-widget-container\">\n\t\t\t\t\t\t\t\t\t<p>Broncea tu piel\u00a0<strong>de forma segura<\/strong>\u00a0en nuestro sol\u00e1rium.<\/p>\t\t\t\t\t\t\t\t<\/div>\n\t\t\t\t<\/div>\n\t\t\t\t<\/div>\n\t\t\t\t\t<\/div>\n\t\t\t\t<\/div>\n\t\t<div class=\"elementor-element elementor-element-14410ca e-flex e-con-boxed e-con e-parent\" data-id=\"14410ca\" data-element_type=\"container\">\n\t\t\t\t\t<div class=\"e-con-inner\">\n\t\t<div class=\"elementor-element elementor-element-1cd6848 e-con-full e-flex e-con e-child\" data-id=\"1cd6848\" data-element_type=\"container\">\n\t\t\t\t<div class=\"elementor-element elementor-element-b82fa96 elementor-widget elementor-widget-image\" data-id=\"b82fa96\" data-element_type=\"widget\" data-widget_type=\"image.default\">\n\t\t\t\t<div class=\"elementor-widget-container\">\n\t\t\t\t\t\t\t\t\t\t\t\t\t\t\t<img decoding=\"async\" src=\"https:\/\/entornopruebas123.es\/wp-content\/uploads\/elementor\/thumbs\/Image-4-1-rl2v74ij8oo4qhfj4r42o3kg5d6qi5d9x9a6akl9mo.jpeg\" title=\"Image (4)\" alt=\"Image (4)\" loading=\"lazy\" \/>\t\t\t\t\t\t\t\t\t\t\t\t\t\t\t<\/div>\n\t\t\t\t<\/div>\n\t\t\t\t<div class=\"elementor-element elementor-element-9bdfc87 elementor-widget elementor-widget-heading\" data-id=\"9bdfc87\" data-element_type=\"widget\" data-widget_type=\"heading.default\">\n\t\t\t\t<div class=\"elementor-widget-container\">\n\t\t\t\t\t<h2 class=\"elementor-heading-title elementor-size-default\">MICROPIGMENTACI\u00d3N Y MICRONEDLING<\/h2>\t\t\t\t<\/div>\n\t\t\t\t<\/div>\n\t\t\t\t<div class=\"elementor-element elementor-element-9cbeab7 elementor-widget elementor-widget-text-editor\" data-id=\"9cbeab7\" data-element_type=\"widget\" data-widget_type=\"text-editor.default\">\n\t\t\t\t<div class=\"elementor-widget-container\">\n\t\t\t\t\t\t\t\t\t<p>La <strong>micropigmentaci\u00f3n<\/strong> se presenta como un m\u00e9todo alternativo, concebido como un maquillaje semipermanente que se emplea con fines est\u00e9ticos. Se utiliza en diferentes zonas como cejas, labios y para correcci\u00f3n capilar. Tambi\u00e9n en zonas corporales como pezones La micropigmentaci\u00f3n es la t\u00e9cnica de maquillaje semipermanente,mediante la cual se implanta pigmentos bajo la piel tanto en labios, cejas, ojos y areolas.<\/p><p>El <strong>microblading<\/strong> es una t\u00e9cnica semipermanente, donde mediante un inductor, se implantan pigmentos bajo la piel, de forma que simulan pelitos de la propia ceja.<\/p>\t\t\t\t\t\t\t\t<\/div>\n\t\t\t\t<\/div>\n\t\t\t\t<\/div>\n\t\t<div class=\"elementor-element elementor-element-2985fc5 e-con-full e-flex e-con e-child\" data-id=\"2985fc5\" data-element_type=\"container\">\n\t\t\t\t<div class=\"elementor-element elementor-element-862fd86 elementor-widget elementor-widget-image\" data-id=\"862fd86\" data-element_type=\"widget\" data-widget_type=\"image.default\">\n\t\t\t\t<div class=\"elementor-widget-container\">\n\t\t\t\t\t\t\t\t\t\t\t\t\t\t\t<img decoding=\"async\" src=\"https:\/\/entornopruebas123.es\/wp-content\/uploads\/elementor\/thumbs\/Image-3-1-rl2v75gdfipf23e5z9ip8lbwqr23puh09dxnrujvgg.jpeg\" title=\"Image (3)\" alt=\"Image (3)\" loading=\"lazy\" \/>\t\t\t\t\t\t\t\t\t\t\t\t\t\t\t<\/div>\n\t\t\t\t<\/div>\n\t\t\t\t<div class=\"elementor-element elementor-element-a83fb20 elementor-widget elementor-widget-heading\" data-id=\"a83fb20\" data-element_type=\"widget\" data-widget_type=\"heading.default\">\n\t\t\t\t<div class=\"elementor-widget-container\">\n\t\t\t\t\t<h2 class=\"elementor-heading-title elementor-size-default\">LIFTING DE PESTA\u00d1AS<\/h2>\t\t\t\t<\/div>\n\t\t\t\t<\/div>\n\t\t\t\t<div class=\"elementor-element elementor-element-c4668dd elementor-widget elementor-widget-text-editor\" data-id=\"c4668dd\" data-element_type=\"widget\" data-widget_type=\"text-editor.default\">\n\t\t\t\t<div class=\"elementor-widget-container\">\n\t\t\t\t\t\t\t\t\t<p>Tratamiento que alarga la pesta\u00f1a, crea una ligera curva hacia arriba de manera natural y duradera, consiguiendo <strong>mayor longitud y espesor<\/strong>. El tinte da oscuridad y profundidad a la mirada. Profundiza tu mirada y olv\u00eddate de maquillarlas por un tiempo.<\/p>\t\t\t\t\t\t\t\t<\/div>\n\t\t\t\t<\/div>\n\t\t\t\t<\/div>\n\t\t\t\t\t<\/div>\n\t\t\t\t<\/div>\n\t\t\t\t<\/div>","protected":false},"excerpt":{"rendered":"<p>EST\u00c9TICA EST\u00c9TICA L\u00c1SER Explora el poder del l\u00e1ser para despedirte del vello no deseado, tatuajes y\/o verrugas molestas. Nuestros especialistas utilizan tecnolog\u00eda l\u00e1ser de vanguardia para ofrecerte resultados precisos y efectivos. PEELING DE CARB\u00d3N ACTIVO O CARB\u00d3N PEEL Peeling de carb\u00f3n activo l\u00e1ser es un tratamiento facial de rejuvenecimiento innovador, no invasivo e indoloro. Este [&hellip;]<\/p>\n","protected":false},"author":2,"featured_media":0,"parent":0,"menu_order":0,"comment_status":"closed","ping_status":"closed","template":"","meta":{"_monsterinsights_skip_tracking":false,"_monsterinsights_sitenote_active":false,"_monsterinsights_sitenote_note":"","_monsterinsights_sitenote_category":0,"footnotes":""},"aioseo_notices":[],"_links":{"self":[{"href":"https:\/\/entornopruebas123.es\/en\/wp-json\/wp\/v2\/pages\/508"}],"collection":[{"href":"https:\/\/entornopruebas123.es\/en\/wp-json\/wp\/v2\/pages"}],"about":[{"href":"https:\/\/entornopruebas123.es\/en\/wp-json\/wp\/v2\/types\/page"}],"author":[{"embeddable":true,"href":"https:\/\/entornopruebas123.es\/en\/wp-json\/wp\/v2\/users\/2"}],"replies":[{"embeddable":true,"href":"https:\/\/entornopruebas123.es\/en\/wp-json\/wp\/v2\/comments?post=508"}],"version-history":[{"count":27,"href":"https:\/\/entornopruebas123.es\/en\/wp-json\/wp\/v2\/pages\/508\/revisions"}],"predecessor-version":[{"id":1986,"href":"https:\/\/entornopruebas123.es\/en\/wp-json\/wp\/v2\/pages\/508\/revisions\/1986"}],"wp:attachment":[{"href":"https:\/\/entornopruebas123.es\/en\/wp-json\/wp\/v2\/media?parent=508"}],"curies":[{"name":"wp","href":"https:\/\/api.w.org\/{rel}","templated":true}]}}