{"id":534,"date":"2023-10-20T16:33:00","date_gmt":"2023-10-20T14:33:00","guid":{"rendered":"https:\/\/fitgymaltea.es\/?page_id=534"},"modified":"2024-04-18T10:38:13","modified_gmt":"2024-04-18T08:38:13","slug":"tratamientos-reductores","status":"publish","type":"page","link":"https:\/\/entornopruebas123.es\/en\/tratamientos-reductores\/","title":{"rendered":"REDUCING TREATMENTS"},"content":{"rendered":"<div data-elementor-type=\"wp-page\" data-elementor-id=\"534\" class=\"elementor elementor-534\">\n\t\t\t\t<div class=\"elementor-element elementor-element-2f0fd4a e-flex e-con-boxed e-con e-parent\" data-id=\"2f0fd4a\" data-element_type=\"container\">\n\t\t\t\t\t<div class=\"e-con-inner\">\n\t\t\t\t<div class=\"elementor-element elementor-element-e33d3e3 elementor-widget elementor-widget-heading\" data-id=\"e33d3e3\" data-element_type=\"widget\" data-widget_type=\"heading.default\">\n\t\t\t\t<div class=\"elementor-widget-container\">\n\t\t\t\t\t<h2 class=\"elementor-heading-title elementor-size-default\">REDUCING TREATMENTS<\/h2>\t\t\t\t<\/div>\n\t\t\t\t<\/div>\n\t\t\t\t\t<\/div>\n\t\t\t\t<\/div>\n\t\t<div class=\"elementor-element elementor-element-4e24f5c e-flex e-con-boxed e-con e-parent\" data-id=\"4e24f5c\" data-element_type=\"container\">\n\t\t\t\t\t<div class=\"e-con-inner\">\n\t\t\t\t<div class=\"elementor-element elementor-element-fcc14c0 elementor-widget elementor-widget-image\" data-id=\"fcc14c0\" data-element_type=\"widget\" data-widget_type=\"image.default\">\n\t\t\t\t<div class=\"elementor-widget-container\">\n\t\t\t\t\t\t\t\t\t\t\t\t\t\t\t<img decoding=\"async\" src=\"https:\/\/entornopruebas123.es\/wp-content\/uploads\/elementor\/thumbs\/Image-1-1-rl2v73kp1unevgt6mbdwmpmzxtrkkc8q6m4iu95m2o.jpeg\" title=\"Image (1)\" alt=\"Image (1)\" loading=\"lazy\" \/>\t\t\t\t\t\t\t\t\t\t\t\t\t\t\t<\/div>\n\t\t\t\t<\/div>\n\t\t\t\t\t<\/div>\n\t\t\t\t<\/div>\n\t\t<div class=\"elementor-element elementor-element-93d49e3 e-flex e-con-boxed e-con e-parent\" data-id=\"93d49e3\" data-element_type=\"container\">\n\t\t\t\t\t<div class=\"e-con-inner\">\n\t\t<div class=\"elementor-element elementor-element-5366407 e-con-full e-flex e-con e-child\" data-id=\"5366407\" data-element_type=\"container\">\n\t\t\t\t<div class=\"elementor-element elementor-element-3114b81 elementor-widget elementor-widget-image\" data-id=\"3114b81\" data-element_type=\"widget\" data-widget_type=\"image.default\">\n\t\t\t\t<div class=\"elementor-widget-container\">\n\t\t\t\t\t\t\t\t\t\t\t\t\t\t\t<img fetchpriority=\"high\" decoding=\"async\" width=\"800\" height=\"792\" src=\"https:\/\/entornopruebas123.es\/wp-content\/uploads\/2024\/04\/Image-6-1.jpeg\" class=\"attachment-large size-large wp-image-1926\" alt=\"\" srcset=\"https:\/\/entornopruebas123.es\/wp-content\/uploads\/2024\/04\/Image-6-1.jpeg 960w, https:\/\/entornopruebas123.es\/wp-content\/uploads\/2024\/04\/Image-6-1-300x297.jpeg 300w, https:\/\/entornopruebas123.es\/wp-content\/uploads\/2024\/04\/Image-6-1-150x150.jpeg 150w, https:\/\/entornopruebas123.es\/wp-content\/uploads\/2024\/04\/Image-6-1-768x760.jpeg 768w, https:\/\/entornopruebas123.es\/wp-content\/uploads\/2024\/04\/Image-6-1-12x12.jpeg 12w\" sizes=\"(max-width: 800px) 100vw, 800px\" \/>\t\t\t\t\t\t\t\t\t\t\t\t\t\t\t<\/div>\n\t\t\t\t<\/div>\n\t\t\t\t<div class=\"elementor-element elementor-element-a3d1fcb elementor-widget elementor-widget-heading\" data-id=\"a3d1fcb\" data-element_type=\"widget\" data-widget_type=\"heading.default\">\n\t\t\t\t<div class=\"elementor-widget-container\">\n\t\t\t\t\t<h2 class=\"elementor-heading-title elementor-size-default\">MADEROTERAPIA<\/h2>\t\t\t\t<\/div>\n\t\t\t\t<\/div>\n\t\t\t\t<div class=\"elementor-element elementor-element-6ef9425 elementor-widget elementor-widget-text-editor\" data-id=\"6ef9425\" data-element_type=\"widget\" data-widget_type=\"text-editor.default\">\n\t\t\t\t<div class=\"elementor-widget-container\">\n\t\t\t\t\t\t\t\t\t<p>Es una t\u00e9cnica no invasiva que realiza masaje con instrumentos de madera natural, sirve para <strong>moldear el cuerpo, eliminar toxinas y disminuir la adiposidad localizada, reafirmar y drenar<\/strong>. Activa el sistema linf\u00e1tico, elimina retenci\u00f3n de l\u00edquidos y elimina celulitis.<\/p>\t\t\t\t\t\t\t\t<\/div>\n\t\t\t\t<\/div>\n\t\t\t\t<\/div>\n\t\t<div class=\"elementor-element elementor-element-cbf5ba1 e-con-full e-flex e-con e-child\" data-id=\"cbf5ba1\" data-element_type=\"container\">\n\t\t\t\t<div class=\"elementor-element elementor-element-e1fbc61 elementor-widget__width-initial elementor-widget elementor-widget-image\" data-id=\"e1fbc61\" data-element_type=\"widget\" data-widget_type=\"image.default\">\n\t\t\t\t<div class=\"elementor-widget-container\">\n\t\t\t\t\t\t\t\t\t\t\t\t\t\t\t<img decoding=\"async\" width=\"800\" height=\"784\" src=\"https:\/\/entornopruebas123.es\/wp-content\/uploads\/2024\/04\/Image-10-1-e1713268652378-1024x1003.jpeg\" class=\"attachment-large size-large wp-image-1927\" alt=\"\" srcset=\"https:\/\/entornopruebas123.es\/wp-content\/uploads\/2024\/04\/Image-10-1-e1713268652378-1024x1003.jpeg 1024w, https:\/\/entornopruebas123.es\/wp-content\/uploads\/2024\/04\/Image-10-1-e1713268652378-300x294.jpeg 300w, https:\/\/entornopruebas123.es\/wp-content\/uploads\/2024\/04\/Image-10-1-e1713268652378-768x752.jpeg 768w, https:\/\/entornopruebas123.es\/wp-content\/uploads\/2024\/04\/Image-10-1-e1713268652378-12x12.jpeg 12w, https:\/\/entornopruebas123.es\/wp-content\/uploads\/2024\/04\/Image-10-1-e1713268652378.jpeg 1080w\" sizes=\"(max-width: 800px) 100vw, 800px\" \/>\t\t\t\t\t\t\t\t\t\t\t\t\t\t\t<\/div>\n\t\t\t\t<\/div>\n\t\t\t\t<div class=\"elementor-element elementor-element-aed7327 elementor-widget elementor-widget-heading\" data-id=\"aed7327\" data-element_type=\"widget\" data-widget_type=\"heading.default\">\n\t\t\t\t<div class=\"elementor-widget-container\">\n\t\t\t\t\t<h2 class=\"elementor-heading-title elementor-size-default\">ROLLACTION SYSTEM<\/h2>\t\t\t\t<\/div>\n\t\t\t\t<\/div>\n\t\t\t\t<div class=\"elementor-element elementor-element-cc2246e elementor-widget elementor-widget-text-editor\" data-id=\"cc2246e\" data-element_type=\"widget\" data-widget_type=\"text-editor.default\">\n\t\t\t\t<div class=\"elementor-widget-container\">\n\t\t\t\t\t\t\t\t\t<p>Es un tratamiento anticelul\u00edtico y remodelador que se basa en un concepto de amasamiento d\u00e9rmico-muscular fisio-activo 100% natural<br \/>inspirado en los movimientos de las manos en el masaje profesional, con un nivel de profundidad que logra trabajar todos los tejidos a la vez, desde la epidermis hasta el m\u00fasculo, llegando a eliminar hasta la celulitis m\u00e1s profunda y enquistada. Ayuda a <strong>eliminar l\u00edquidos, reduce volumen, aporta firmeza<\/strong><br \/><strong>y tonifica en profundidad<\/strong>.<\/p>\t\t\t\t\t\t\t\t<\/div>\n\t\t\t\t<\/div>\n\t\t\t\t<\/div>\n\t\t<div class=\"elementor-element elementor-element-62cd25f e-con-full e-flex e-con e-child\" data-id=\"62cd25f\" data-element_type=\"container\">\n\t\t\t\t<div class=\"elementor-element elementor-element-1d6345c elementor-widget elementor-widget-image\" data-id=\"1d6345c\" data-element_type=\"widget\" data-widget_type=\"image.default\">\n\t\t\t\t<div class=\"elementor-widget-container\">\n\t\t\t\t\t\t\t\t\t\t\t\t\t\t\t<img decoding=\"async\" width=\"800\" height=\"785\" src=\"https:\/\/entornopruebas123.es\/wp-content\/uploads\/2024\/04\/Image-11-e1713268736982-1024x1005.jpeg\" class=\"attachment-large size-large wp-image-1928\" alt=\"\" srcset=\"https:\/\/entornopruebas123.es\/wp-content\/uploads\/2024\/04\/Image-11-e1713268736982-1024x1005.jpeg 1024w, https:\/\/entornopruebas123.es\/wp-content\/uploads\/2024\/04\/Image-11-e1713268736982-300x294.jpeg 300w, https:\/\/entornopruebas123.es\/wp-content\/uploads\/2024\/04\/Image-11-e1713268736982-768x754.jpeg 768w, https:\/\/entornopruebas123.es\/wp-content\/uploads\/2024\/04\/Image-11-e1713268736982-12x12.jpeg 12w, https:\/\/entornopruebas123.es\/wp-content\/uploads\/2024\/04\/Image-11-e1713268736982.jpeg 1080w\" sizes=\"(max-width: 800px) 100vw, 800px\" \/>\t\t\t\t\t\t\t\t\t\t\t\t\t\t\t<\/div>\n\t\t\t\t<\/div>\n\t\t\t\t<div class=\"elementor-element elementor-element-60072d4 elementor-widget elementor-widget-heading\" data-id=\"60072d4\" data-element_type=\"widget\" data-widget_type=\"heading.default\">\n\t\t\t\t<div class=\"elementor-widget-container\">\n\t\t\t\t\t<h2 class=\"elementor-heading-title elementor-size-default\">DIATERMIA-RADIOFRECUENCIA<\/h2>\t\t\t\t<\/div>\n\t\t\t\t<\/div>\n\t\t\t\t<div class=\"elementor-element elementor-element-de048c8 elementor-widget elementor-widget-text-editor\" data-id=\"de048c8\" data-element_type=\"widget\" data-widget_type=\"text-editor.default\">\n\t\t\t\t<div class=\"elementor-widget-container\">\n\t\t\t\t\t\t\t\t\t<p>Consiste en aplicar sobre la piel ondas electromagn\u00e9ticas de alta frecuencia que calientan las capas del tejido. El calor<br \/>que reciben las capas m\u00e1s profundas, activa el funcionamiento del sistema linf\u00e1tico para <strong>eliminar l\u00edquidos, grasa y toxinas<\/strong> acumuladas dentro de las c\u00e9lulas y as\u00ed mejora la apariencia de la celulitis. Adem\u00e1s, <strong>activa la producci\u00f3n de nuevo col\u00e1geno<\/strong>, lo que ayuda a combatir la flacidez de la piel para conseguir un tejido m\u00e1s firme.<\/p><p dir=\"ltr\">Este tratamiento se utiliza para tratamientos:\u00a0<\/p><ul><li dir=\"ltr\"><strong>Faciales<\/strong>&#8211; Disminuye flacidez, difumina arrugas y marcas de expresi\u00f3n y regenera el tejido.<\/li><li dir=\"ltr\"><strong>Corporales<\/strong>&#8211; Disminuye celulitis y drena los tejidos.\u00a0<\/li><li dir=\"ltr\"><strong>Capilares<\/strong>&#8211; Promueve el crecimiento del cabello, mejorando la densidad.<\/li><\/ul><p>\u00a0<\/p>\t\t\t\t\t\t\t\t<\/div>\n\t\t\t\t<\/div>\n\t\t\t\t<\/div>\n\t\t\t\t\t<\/div>\n\t\t\t\t<\/div>\n\t\t<div class=\"elementor-element elementor-element-f6d5b1c e-flex e-con-boxed e-con e-parent\" data-id=\"f6d5b1c\" data-element_type=\"container\">\n\t\t\t\t\t<div class=\"e-con-inner\">\n\t\t<div class=\"elementor-element elementor-element-d753a8f e-con-full e-flex e-con e-child\" data-id=\"d753a8f\" data-element_type=\"container\">\n\t\t\t\t<div class=\"elementor-element elementor-element-793956c elementor-widget elementor-widget-image\" data-id=\"793956c\" data-element_type=\"widget\" data-widget_type=\"image.default\">\n\t\t\t\t<div class=\"elementor-widget-container\">\n\t\t\t\t\t\t\t\t\t\t\t\t\t\t\t<img loading=\"lazy\" decoding=\"async\" width=\"720\" height=\"705\" src=\"https:\/\/entornopruebas123.es\/wp-content\/uploads\/2024\/04\/Image-12-3.jpeg\" class=\"attachment-large size-large wp-image-1933\" alt=\"\" srcset=\"https:\/\/entornopruebas123.es\/wp-content\/uploads\/2024\/04\/Image-12-3.jpeg 720w, https:\/\/entornopruebas123.es\/wp-content\/uploads\/2024\/04\/Image-12-3-300x294.jpeg 300w, https:\/\/entornopruebas123.es\/wp-content\/uploads\/2024\/04\/Image-12-3-12x12.jpeg 12w\" sizes=\"(max-width: 720px) 100vw, 720px\" \/>\t\t\t\t\t\t\t\t\t\t\t\t\t\t\t<\/div>\n\t\t\t\t<\/div>\n\t\t\t\t<div class=\"elementor-element elementor-element-4e90a1c elementor-widget elementor-widget-heading\" data-id=\"4e90a1c\" data-element_type=\"widget\" data-widget_type=\"heading.default\">\n\t\t\t\t<div class=\"elementor-widget-container\">\n\t\t\t\t\t<h2 class=\"elementor-heading-title elementor-size-default\">PRESOTERAPIA<\/h2>\t\t\t\t<\/div>\n\t\t\t\t<\/div>\n\t\t\t\t<div class=\"elementor-element elementor-element-c3c95be elementor-widget elementor-widget-text-editor\" data-id=\"c3c95be\" data-element_type=\"widget\" data-widget_type=\"text-editor.default\">\n\t\t\t\t<div class=\"elementor-widget-container\">\n\t\t\t\t\t\t\t\t\t<p>Consiste en la aplicaci\u00f3n de presi\u00f3n, sobre diferentes zonas del cuerpo, con el objetivo de favorecer la circulaci\u00f3n del flujo sangu\u00edneo y linf\u00e1tico.<\/p><p>Ayuda a <strong>eliminar toxinas, descarga la musculatura, elimina la retenci\u00f3n de l\u00edquidos y la sensaci\u00f3n de piernas cansadas<\/strong>.<\/p>\t\t\t\t\t\t\t\t<\/div>\n\t\t\t\t<\/div>\n\t\t\t\t<\/div>\n\t\t<div class=\"elementor-element elementor-element-3524857 e-con-full e-flex e-con e-child\" data-id=\"3524857\" data-element_type=\"container\">\n\t\t\t\t<div class=\"elementor-element elementor-element-51b4834 elementor-widget elementor-widget-image\" data-id=\"51b4834\" data-element_type=\"widget\" data-widget_type=\"image.default\">\n\t\t\t\t<div class=\"elementor-widget-container\">\n\t\t\t\t\t\t\t\t\t\t\t\t\t\t\t<img decoding=\"async\" src=\"https:\/\/entornopruebas123.es\/wp-content\/uploads\/elementor\/thumbs\/DisenTHo-sin-tiitulo-24-e1713429475959-rl2v73kp1un4n651ga1od5pzqwjgxe94vvdltrw4xs.png\" title=\"Disen\u00deo sin ti\u00ectulo &#8211; 24\" alt=\"Disen\u00deo sin ti\u00ectulo - 24\" loading=\"lazy\" \/>\t\t\t\t\t\t\t\t\t\t\t\t\t\t\t<\/div>\n\t\t\t\t<\/div>\n\t\t\t\t<div class=\"elementor-element elementor-element-92f9a3e elementor-widget elementor-widget-heading\" data-id=\"92f9a3e\" data-element_type=\"widget\" data-widget_type=\"heading.default\">\n\t\t\t\t<div class=\"elementor-widget-container\">\n\t\t\t\t\t<h2 class=\"elementor-heading-title elementor-size-default\">MICRONEEDLING<\/h2>\t\t\t\t<\/div>\n\t\t\t\t<\/div>\n\t\t\t\t<div class=\"elementor-element elementor-element-f3b38c6 elementor-widget elementor-widget-text-editor\" data-id=\"f3b38c6\" data-element_type=\"widget\" data-widget_type=\"text-editor.default\">\n\t\t\t\t<div class=\"elementor-widget-container\">\n\t\t\t\t\t\t\t\t\t<p>Tratamiento indoloro y no invasivo, realiza micropunciones para abrir peque\u00f1os canales en la dermis que faciliten la penetraci\u00f3n<br \/>y la absorci\u00f3n de los principios activos que se aplican en cada tratamiento, consiguiendo maximizar as\u00ed su penetrabilidad y efectividad.<\/p><p>Se utiliza para tratamientos:<\/p><ul><li><strong>Faciales<\/strong>: Rejuvenecimiento facial, eliminaci\u00f3n de arrugas, mejora del acn\u00e9 y estimulaci\u00f3n el col\u00e1geno y la elastina de forma<br \/>natural. Mejora del aspecto de la piel.<\/li><li><strong>Corporales<\/strong>: Reduce grasa localizada, estimula el col\u00e1geno para mayor firmeza y elasticidad en la piel.<\/li><\/ul>\t\t\t\t\t\t\t\t<\/div>\n\t\t\t\t<\/div>\n\t\t\t\t<\/div>\n\t\t<div class=\"elementor-element elementor-element-d33fb16 e-con-full e-flex e-con e-child\" data-id=\"d33fb16\" data-element_type=\"container\">\n\t\t\t\t<div class=\"elementor-element elementor-element-ec05259 elementor-widget elementor-widget-image\" data-id=\"ec05259\" data-element_type=\"widget\" data-widget_type=\"image.default\">\n\t\t\t\t<div class=\"elementor-widget-container\">\n\t\t\t\t\t\t\t\t\t\t\t\t\t\t\t<img loading=\"lazy\" decoding=\"async\" width=\"800\" height=\"770\" src=\"https:\/\/entornopruebas123.es\/wp-content\/uploads\/2024\/04\/Image-14-1-1024x985.jpeg\" class=\"attachment-large size-large wp-image-1935\" alt=\"\" srcset=\"https:\/\/entornopruebas123.es\/wp-content\/uploads\/2024\/04\/Image-14-1-1024x985.jpeg 1024w, https:\/\/entornopruebas123.es\/wp-content\/uploads\/2024\/04\/Image-14-1-300x289.jpeg 300w, https:\/\/entornopruebas123.es\/wp-content\/uploads\/2024\/04\/Image-14-1-768x739.jpeg 768w, https:\/\/entornopruebas123.es\/wp-content\/uploads\/2024\/04\/Image-14-1-12x12.jpeg 12w, https:\/\/entornopruebas123.es\/wp-content\/uploads\/2024\/04\/Image-14-1.jpeg 1080w\" sizes=\"(max-width: 800px) 100vw, 800px\" \/>\t\t\t\t\t\t\t\t\t\t\t\t\t\t\t<\/div>\n\t\t\t\t<\/div>\n\t\t\t\t<div class=\"elementor-element elementor-element-f3bddf9 elementor-widget elementor-widget-heading\" data-id=\"f3bddf9\" data-element_type=\"widget\" data-widget_type=\"heading.default\">\n\t\t\t\t<div class=\"elementor-widget-container\">\n\t\t\t\t\t<h2 class=\"elementor-heading-title elementor-size-default\">MASAJE REDUCTOR<\/h2>\t\t\t\t<\/div>\n\t\t\t\t<\/div>\n\t\t\t\t<div class=\"elementor-element elementor-element-117c2a1 elementor-widget elementor-widget-text-editor\" data-id=\"117c2a1\" data-element_type=\"widget\" data-widget_type=\"text-editor.default\">\n\t\t\t\t<div class=\"elementor-widget-container\">\n\t\t\t\t\t\t\t\t\t<p>Masaje donde se utilizan t\u00e9cnicas de drenaje linf\u00e1tico, entre otras, para <strong>eliminar volumen y reducir cent\u00edmetros<\/strong>. Se realiza con aceites esenciales drenantes, circulatorios y antiinflamatorios. Es un masaje lento y muy relajante.<\/p>\t\t\t\t\t\t\t\t<\/div>\n\t\t\t\t<\/div>\n\t\t\t\t<\/div>\n\t\t\t\t\t<\/div>\n\t\t\t\t<\/div>\n\t\t<div class=\"elementor-element elementor-element-af80729 e-flex e-con-boxed e-con e-parent\" data-id=\"af80729\" data-element_type=\"container\">\n\t\t\t\t\t<div class=\"e-con-inner\">\n\t\t<div class=\"elementor-element elementor-element-e0d894b e-con-full e-flex e-con e-child\" data-id=\"e0d894b\" data-element_type=\"container\">\n\t\t\t\t<div class=\"elementor-element elementor-element-1e8c063 elementor-widget elementor-widget-image\" data-id=\"1e8c063\" data-element_type=\"widget\" data-widget_type=\"image.default\">\n\t\t\t\t<div class=\"elementor-widget-container\">\n\t\t\t\t\t\t\t\t\t\t\t\t\t\t\t<img loading=\"lazy\" decoding=\"async\" width=\"800\" height=\"800\" src=\"https:\/\/entornopruebas123.es\/wp-content\/uploads\/2024\/04\/Image-15-1024x1024.jpeg\" class=\"attachment-large size-large wp-image-1937\" alt=\"\" srcset=\"https:\/\/entornopruebas123.es\/wp-content\/uploads\/2024\/04\/Image-15-1024x1024.jpeg 1024w, https:\/\/entornopruebas123.es\/wp-content\/uploads\/2024\/04\/Image-15-300x300.jpeg 300w, https:\/\/entornopruebas123.es\/wp-content\/uploads\/2024\/04\/Image-15-150x150.jpeg 150w, https:\/\/entornopruebas123.es\/wp-content\/uploads\/2024\/04\/Image-15-768x768.jpeg 768w, https:\/\/entornopruebas123.es\/wp-content\/uploads\/2024\/04\/Image-15-12x12.jpeg 12w, https:\/\/entornopruebas123.es\/wp-content\/uploads\/2024\/04\/Image-15.jpeg 1080w\" sizes=\"(max-width: 800px) 100vw, 800px\" \/>\t\t\t\t\t\t\t\t\t\t\t\t\t\t\t<\/div>\n\t\t\t\t<\/div>\n\t\t\t\t<div class=\"elementor-element elementor-element-653ca68 elementor-widget elementor-widget-heading\" data-id=\"653ca68\" data-element_type=\"widget\" data-widget_type=\"heading.default\">\n\t\t\t\t<div class=\"elementor-widget-container\">\n\t\t\t\t\t<h2 class=\"elementor-heading-title elementor-size-default\">TRATAMIENTO DE VENDAS FR\u00cdAS<\/h2>\t\t\t\t<\/div>\n\t\t\t\t<\/div>\n\t\t\t\t<div class=\"elementor-element elementor-element-bed8ac3 elementor-widget elementor-widget-text-editor\" data-id=\"bed8ac3\" data-element_type=\"widget\" data-widget_type=\"text-editor.default\">\n\t\t\t\t<div class=\"elementor-widget-container\">\n\t\t\t\t\t\t\t\t\t<p>Las vendas fr\u00edas es un tratamiento que consiste en aplicar fr\u00edo local en el cuerpo con una venda mediante un l\u00edquido que contiene extracto de fucus, extracto de casta\u00f1o de indias, alcanfor y mentol. Disminuye la temperatura corporal local en 4-5\u00baC. Esto ayuda a <strong>reafirmar los tejidos<\/strong> gracias a la contracci\u00f3n. Reduce celulitis debido al aumento de la microcirculaci\u00f3n y el efecto desinflamatorio. Hay una reducci\u00f3n de calor\u00edas por el trabajo que realiza el cuerpo para restablecer la temperatura corporal.\u00a0<\/p>\t\t\t\t\t\t\t\t<\/div>\n\t\t\t\t<\/div>\n\t\t\t\t<\/div>\n\t\t<div class=\"elementor-element elementor-element-04481a9 e-con-full e-flex e-con e-child\" data-id=\"04481a9\" data-element_type=\"container\">\n\t\t\t\t<div class=\"elementor-element elementor-element-81a7546 elementor-widget elementor-widget-image\" data-id=\"81a7546\" data-element_type=\"widget\" data-widget_type=\"image.default\">\n\t\t\t\t<div class=\"elementor-widget-container\">\n\t\t\t\t\t\t\t\t\t\t\t\t\t\t\t<img loading=\"lazy\" decoding=\"async\" width=\"800\" height=\"800\" src=\"https:\/\/entornopruebas123.es\/wp-content\/uploads\/2024\/04\/Image-16-1024x1024.jpeg\" class=\"attachment-large size-large wp-image-1936\" alt=\"\" srcset=\"https:\/\/entornopruebas123.es\/wp-content\/uploads\/2024\/04\/Image-16-1024x1024.jpeg 1024w, https:\/\/entornopruebas123.es\/wp-content\/uploads\/2024\/04\/Image-16-300x300.jpeg 300w, https:\/\/entornopruebas123.es\/wp-content\/uploads\/2024\/04\/Image-16-150x150.jpeg 150w, https:\/\/entornopruebas123.es\/wp-content\/uploads\/2024\/04\/Image-16-768x768.jpeg 768w, https:\/\/entornopruebas123.es\/wp-content\/uploads\/2024\/04\/Image-16-12x12.jpeg 12w, https:\/\/entornopruebas123.es\/wp-content\/uploads\/2024\/04\/Image-16.jpeg 1080w\" sizes=\"(max-width: 800px) 100vw, 800px\" \/>\t\t\t\t\t\t\t\t\t\t\t\t\t\t\t<\/div>\n\t\t\t\t<\/div>\n\t\t\t\t<div class=\"elementor-element elementor-element-8a1776e elementor-widget elementor-widget-heading\" data-id=\"8a1776e\" data-element_type=\"widget\" data-widget_type=\"heading.default\">\n\t\t\t\t<div class=\"elementor-widget-container\">\n\t\t\t\t\t<h2 class=\"elementor-heading-title elementor-size-default\">TRATAMIENTOS CON PEELING CORPORALES<\/h2>\t\t\t\t<\/div>\n\t\t\t\t<\/div>\n\t\t\t\t<div class=\"elementor-element elementor-element-cfbf04e elementor-widget elementor-widget-text-editor\" data-id=\"cfbf04e\" data-element_type=\"widget\" data-widget_type=\"text-editor.default\">\n\t\t\t\t<div class=\"elementor-widget-container\">\n\t\t\t\t\t\t\t\t\t<p dir=\"ltr\">Se realiza un masaje en\u00e9rgico con una crema granulada. La funci\u00f3n principal de este tratamiento es <strong>limpiar la piel en profundidad, retirando por completo todas las impurezas y c\u00e9lulas muertas<\/strong>. De esta manera se eliminan toxinas, favoreciendo la renovaci\u00f3n celular y la oxigenaci\u00f3n de la piel, proporcionando un aspecto m\u00e1s rejuvenecido y terso.<\/p>\t\t\t\t\t\t\t\t<\/div>\n\t\t\t\t<\/div>\n\t\t\t\t<\/div>\n\t\t\t\t\t<\/div>\n\t\t\t\t<\/div>\n\t\t<div class=\"elementor-element elementor-element-d47398a e-flex e-con-boxed e-con e-parent\" data-id=\"d47398a\" data-element_type=\"container\">\n\t\t\t\t\t<div class=\"e-con-inner\">\n\t\t\t\t\t<\/div>\n\t\t\t\t<\/div>\n\t\t\t\t<\/div>","protected":false},"excerpt":{"rendered":"<p>TRATAMIENTOS REDUCTORES MADEROTERAPIA Es una t\u00e9cnica no invasiva que realiza masaje con instrumentos de madera natural, sirve para moldear el cuerpo, eliminar toxinas y disminuir la adiposidad localizada, reafirmar y drenar. Activa el sistema linf\u00e1tico, elimina retenci\u00f3n de l\u00edquidos y elimina celulitis. ROLLACTION SYSTEM Es un tratamiento anticelul\u00edtico y remodelador que se basa en un [&hellip;]<\/p>\n","protected":false},"author":2,"featured_media":0,"parent":0,"menu_order":0,"comment_status":"closed","ping_status":"closed","template":"","meta":{"_monsterinsights_skip_tracking":false,"_monsterinsights_sitenote_active":false,"_monsterinsights_sitenote_note":"","_monsterinsights_sitenote_category":0,"footnotes":""},"aioseo_notices":[],"_links":{"self":[{"href":"https:\/\/entornopruebas123.es\/en\/wp-json\/wp\/v2\/pages\/534"}],"collection":[{"href":"https:\/\/entornopruebas123.es\/en\/wp-json\/wp\/v2\/pages"}],"about":[{"href":"https:\/\/entornopruebas123.es\/en\/wp-json\/wp\/v2\/types\/page"}],"author":[{"embeddable":true,"href":"https:\/\/entornopruebas123.es\/en\/wp-json\/wp\/v2\/users\/2"}],"replies":[{"embeddable":true,"href":"https:\/\/entornopruebas123.es\/en\/wp-json\/wp\/v2\/comments?post=534"}],"version-history":[{"count":22,"href":"https:\/\/entornopruebas123.es\/en\/wp-json\/wp\/v2\/pages\/534\/revisions"}],"predecessor-version":[{"id":2031,"href":"https:\/\/entornopruebas123.es\/en\/wp-json\/wp\/v2\/pages\/534\/revisions\/2031"}],"wp:attachment":[{"href":"https:\/\/entornopruebas123.es\/en\/wp-json\/wp\/v2\/media?parent=534"}],"curies":[{"name":"wp","href":"https:\/\/api.w.org\/{rel}","templated":true}]}}