{"id":959,"date":"2023-11-10T09:43:30","date_gmt":"2023-11-10T08:43:30","guid":{"rendered":"https:\/\/fitgymaltea.es\/?page_id=959"},"modified":"2023-11-20T12:44:12","modified_gmt":"2023-11-20T11:44:12","slug":"politica-de-privacidad","status":"publish","type":"page","link":"https:\/\/entornopruebas123.es\/en\/politica-de-privacidad\/","title":{"rendered":"PRIVACY POLICY"},"content":{"rendered":"<div data-elementor-type=\"wp-page\" data-elementor-id=\"959\" class=\"elementor elementor-959\">\n\t\t\t\t<div class=\"elementor-element elementor-element-6d67b11 e-flex e-con-boxed e-con e-parent\" data-id=\"6d67b11\" data-element_type=\"container\">\n\t\t\t\t\t<div class=\"e-con-inner\">\n\t\t\t\t<div class=\"elementor-element elementor-element-0985cc3 elementor-widget elementor-widget-heading\" data-id=\"0985cc3\" data-element_type=\"widget\" data-widget_type=\"heading.default\">\n\t\t\t\t<div class=\"elementor-widget-container\">\n\t\t\t\t\t<h2 class=\"elementor-heading-title elementor-size-default\">PRIVACY POLICY<\/h2>\t\t\t\t<\/div>\n\t\t\t\t<\/div>\n\t\t\t\t\t<\/div>\n\t\t\t\t<\/div>\n\t\t<div class=\"elementor-element elementor-element-a386751 e-flex e-con-boxed e-con e-parent\" data-id=\"a386751\" data-element_type=\"container\">\n\t\t\t\t\t<div class=\"e-con-inner\">\n\t\t\t\t<div class=\"elementor-element elementor-element-332a327 elementor-widget elementor-widget-text-editor\" data-id=\"332a327\" data-element_type=\"widget\" data-widget_type=\"text-editor.default\">\n\t\t\t\t<div class=\"elementor-widget-container\">\n\t\t\t\t\t\t\t\t\t<p>Privacy Policy\u00a0<\/p><p>Last update 20-Nov-2023\u00a0<\/p><p>Effective date Nov 20, 2023\u00a0<\/p><p>\u00a0<\/p><p>\u00a0This Privacy Policy describes the policies of Fitgym Altea, Altea, Partida Planet 156 Local 18, Alicante 03590, Spain, email: mirkomilano.alea@gmail.com, telephone: 965843623 on the collection, use and disclosure of the information we collect when you use our website (https:\/\/www.fitgymaltea.es). (the service&quot;). By accessing or using the Service, you consent to the collection, use and disclosure of your information in accordance with this Privacy Policy. If you do not consent, please do not access or use the Service.\u00a0<\/p><p>\u00a0We may modify this Privacy Policy at any time without notice and will post the revised Privacy Policy on the Service. The revised Policy will be effective 180 days after its posting on the Service and your continued access or use of the Service after such period will constitute your acceptance of the revised Privacy Policy. Therefore, we recommend that you periodically review this page.\u00a0<\/p><p>\u00a0<\/p><p>\u00a0Information we collect:\u00a0<\/p><p>\u00a0We will collect and process the following personal information about you:\u00a0<\/p><p>\u00a0<\/p><p>\u00a0Name<\/p><p>\u00a0Email<\/p><p>\u00a0Mobile<\/p><p>\u00a0Profile on social networks<\/p><p>\u00a0Birthdate<\/p><p>\u00a0Address<\/p><p>\u00a0<\/p><p>\u00a0How we use your information:\u00a0<\/p><p>\u00a0We will use the information we collect about you for the following purposes:\u00a0<\/p><p>\u00a0<\/p><p>\u00a0User account creation<\/p><p>\u00a0If we want to use your information for any other purpose, we will ask for your consent and will use your information only upon receipt of your consent and then only for the purpose(s) for which you grant consent unless we are required to do otherwise. by law.\u00a0<\/p><p>\u00a0<\/p><p>\u00a0Conservation of your information:\u00a0<\/p><p>\u00a0We will retain your personal information for 90 days to 2 years after users cancel their accounts or as long as we need it to fulfill the purposes for which it was collected, as detailed in this Privacy Policy. We may need to retain certain information for longer periods, such as record keeping\/reporting in accordance with applicable legislation or for other legitimate reasons such as compliance with legal rights, fraud prevention, etc. Residual anonymous information and aggregated information, none of which identifies you (directly or indirectly), may be stored indefinitely.\u00a0<\/p><p>\u00a0<\/p><p>\u00a0Your rights:\u00a0<\/p><p>\u00a0Depending on applicable legislation, you may have the right to access and rectify or erase your personal data or receive a copy of it, restrict or object to the active processing of your data, ask us to share (port) your personal information to another entity, withdraw any consent you have provided to us for the processing of your data, right to lodge a complaint with a legal authority and other rights that may be relevant under applicable law. To exercise these rights, you can write to us at mirkomilano.alea@gmail.com. We will respond to your request in accordance with applicable law.\u00a0<\/p><p>\u00a0Please note that if you do not allow us to collect or process the requested personal information or withdraw your consent to process it for the required purposes, you may not be able to access or use the services for which your information was requested.\u00a0<\/p><p>\u00a0<\/p><p>\u00a0Cookies, etc.\u00a0<\/p><p>\u00a0For more information about how we use them and your choices regarding these tracking technologies, please see our <a href=\"https:\/\/fitgymaltea.es\/?page_id=955\">Cookies policy.\u00a0<\/a><\/p><p>\u00a0<\/p><p>\u00a0Security:\u00a0<\/p><p>\u00a0The security of your information is important to us and we will use reasonable security measures to prevent the loss, misuse or unauthorized alteration of your information under our control. However, given the inherent risks, we cannot guarantee absolute security and, consequently, we cannot ensure or warrant the security of any information you transmit to us and you do so at your own risk.\u00a0<\/p><p>\u00a0<\/p><p>\u00a0Complaints and data protection officer:\u00a0<\/p><p>\u00a0If you have any questions or concerns about the processing of your information that is available with us, you can send an email to our Complaints Officer at Fitgym Altea, Altea, Partida Planet 156 Local 18, email: mirkomilano.alea@gmail .com. We will address your concerns in accordance with applicable law.\u00a0<\/p><p>\u00a0<\/p>\t\t\t\t\t\t\t\t<\/div>\n\t\t\t\t<\/div>\n\t\t\t\t\t<\/div>\n\t\t\t\t<\/div>\n\t\t\t\t<\/div>","protected":false},"excerpt":{"rendered":"<p>POL\u00cdTICA DE PRIVACIDAD Pol\u00edtica de privacidad\u00a0 \u00daltima actualizaci\u00f3n 20-Nov-2023\u00a0 Fecha efectiva 20-Nov-2023\u00a0 \u00a0 \u00a0La presente Pol\u00edtica de Privacidad describe las pol\u00edticas de Fitgym Altea, Altea, Partida Planet 156 Local 18, Alicante 03590, Espa\u00f1a, email: mirkomilano.alea@gmail.com, tel\u00e9fono: 965843623 sobre la recopilaci\u00f3n, uso y divulgaci\u00f3n de la informaci\u00f3n que recopilamos cuando usted utiliza nuestro sitio web ( [&hellip;]<\/p>\n","protected":false},"author":1,"featured_media":0,"parent":0,"menu_order":0,"comment_status":"closed","ping_status":"closed","template":"","meta":{"_monsterinsights_skip_tracking":false,"_monsterinsights_sitenote_active":false,"_monsterinsights_sitenote_note":"","_monsterinsights_sitenote_category":0,"footnotes":""},"aioseo_notices":[],"_links":{"self":[{"href":"https:\/\/entornopruebas123.es\/en\/wp-json\/wp\/v2\/pages\/959"}],"collection":[{"href":"https:\/\/entornopruebas123.es\/en\/wp-json\/wp\/v2\/pages"}],"about":[{"href":"https:\/\/entornopruebas123.es\/en\/wp-json\/wp\/v2\/types\/page"}],"author":[{"embeddable":true,"href":"https:\/\/entornopruebas123.es\/en\/wp-json\/wp\/v2\/users\/1"}],"replies":[{"embeddable":true,"href":"https:\/\/entornopruebas123.es\/en\/wp-json\/wp\/v2\/comments?post=959"}],"version-history":[{"count":15,"href":"https:\/\/entornopruebas123.es\/en\/wp-json\/wp\/v2\/pages\/959\/revisions"}],"predecessor-version":[{"id":1027,"href":"https:\/\/entornopruebas123.es\/en\/wp-json\/wp\/v2\/pages\/959\/revisions\/1027"}],"wp:attachment":[{"href":"https:\/\/entornopruebas123.es\/en\/wp-json\/wp\/v2\/media?parent=959"}],"curies":[{"name":"wp","href":"https:\/\/api.w.org\/{rel}","templated":true}]}}